{"id":1296,"date":"2018-07-26T07:02:59","date_gmt":"2018-07-26T07:02:59","guid":{"rendered":"http:\/\/demo.ovathemes.com\/ireca\/?page_id=1296"},"modified":"2020-02-06T15:06:13","modified_gmt":"2020-02-06T12:06:13","slug":"service","status":"publish","type":"page","link":"https:\/\/troykaoto.com.tr\/index.php\/service\/","title":{"rendered":"Hizmetler"},"content":{"rendered":"\t\t<div data-elementor-type=\"wp-post\" data-elementor-id=\"1296\" class=\"elementor elementor-1296\">\n\t\t\t\t\t\t<div class=\"elementor-inner\">\n\t\t\t\t<div class=\"elementor-section-wrap\">\n\t\t\t\t\t\t\t\t\t<section class=\"elementor-section elementor-top-section elementor-element elementor-element-b29077b elementor-section-boxed elementor-section-height-default elementor-section-height-default\" data-id=\"b29077b\" data-element_type=\"section\">\n\t\t\t\t\t\t<div class=\"elementor-container elementor-column-gap-default\">\n\t\t\t\t\t\t\t<div class=\"elementor-row\">\n\t\t\t\t\t<div class=\"elementor-column elementor-col-100 elementor-top-column elementor-element elementor-element-bbbbce5\" data-id=\"bbbbce5\" data-element_type=\"column\">\n\t\t\t<div class=\"elementor-column-wrap elementor-element-populated\">\n\t\t\t\t\t\t\t<div class=\"elementor-widget-wrap\">\n\t\t\t\t\t\t<div class=\"elementor-element elementor-element-ec432fd elementor-widget elementor-widget-ovacrs_heading3\" data-id=\"ec432fd\" data-element_type=\"widget\" data-widget_type=\"ovacrs_heading3.default\">\n\t\t\t\t<div class=\"elementor-widget-container\">\n\t\t\t<div class=\"ovacrs_heading3  text-center\"><h3 class=\"title border_yes\"><span>Hizmetlerimiz<\/span><\/h3><div class=\"desc\"><\/div><\/div>\t\t<\/div>\n\t\t\t\t<\/div>\n\t\t\t\t\t\t<\/div>\n\t\t\t\t\t<\/div>\n\t\t<\/div>\n\t\t\t\t\t\t\t\t<\/div>\n\t\t\t\t\t<\/div>\n\t\t<\/section>\n\t\t\t\t<section class=\"elementor-section elementor-top-section elementor-element elementor-element-8d9e14b elementor-section-boxed elementor-section-height-default elementor-section-height-default\" data-id=\"8d9e14b\" data-element_type=\"section\">\n\t\t\t\t\t\t<div class=\"elementor-container elementor-column-gap-default\">\n\t\t\t\t\t\t\t<div class=\"elementor-row\">\n\t\t\t\t\t<div class=\"elementor-column elementor-col-50 elementor-top-column elementor-element elementor-element-78745cf\" data-id=\"78745cf\" data-element_type=\"column\">\n\t\t\t<div class=\"elementor-column-wrap elementor-element-populated\">\n\t\t\t\t\t\t\t<div class=\"elementor-widget-wrap\">\n\t\t\t\t\t\t<div class=\"elementor-element elementor-element-27c0d39 elementor-widget elementor-widget-ovacrs_service_card\" data-id=\"27c0d39\" data-element_type=\"widget\" data-widget_type=\"ovacrs_service_card.default\">\n\t\t\t\t<div class=\"elementor-widget-container\">\n\t\t\t<div class=\"ireca_service_card \"><img src=\"http:\/\/troykaoto.com.tr\/wp-content\/uploads\/2018\/08\/audi-a4.jpg\"><\/img><div class=\"bg_white_skew\"><\/div><div class=\"content skew_img\"><h3 class=\"title\">Ara\u00e7 Almak \u0130stiyorum<\/h3><div class=\"desc\"><p>Be\u011fendi\u011finiz modeli belirterek vermi\u015f oldu\u011funuz ileti\u015fim bilgileri do\u011frultusunda sat\u0131\u015f temsilcimiz size \u00f6zel fiyatlar\u0131m\u0131z\u0131 sunacakt\u0131r.<\/p><\/div><a class=\"ireca_btn ireca_tran\" target=\"_self\" href=\"#\"><i class=\"arrow_carrot-right_alt2\"><\/i><\/a><\/div><\/div>\t\t<\/div>\n\t\t\t\t<\/div>\n\t\t\t\t\t\t<\/div>\n\t\t\t\t\t<\/div>\n\t\t<\/div>\n\t\t\t\t<div class=\"elementor-column elementor-col-50 elementor-top-column elementor-element elementor-element-ef6c4a3\" data-id=\"ef6c4a3\" data-element_type=\"column\">\n\t\t\t<div class=\"elementor-column-wrap elementor-element-populated\">\n\t\t\t\t\t\t\t<div class=\"elementor-widget-wrap\">\n\t\t\t\t\t\t<div class=\"elementor-element elementor-element-d0669ed elementor-widget elementor-widget-ovacrs_service_card\" data-id=\"d0669ed\" data-element_type=\"widget\" data-widget_type=\"ovacrs_service_card.default\">\n\t\t\t\t<div class=\"elementor-widget-container\">\n\t\t\t<div class=\"ireca_service_card \"><img src=\"http:\/\/demo.ovathemes.com\/ireca\/wp-content\/uploads\/2018\/08\/audi-q2.jpg\"><\/img><div class=\"bg_white_skew\"><\/div><div class=\"content skew_img\"><h3 class=\"title\">Arac\u0131m\u0131 Satmak \u0130stiyorum<\/h3><div class=\"desc\"><p>Satmak istedi\u011finiz arac\u0131 vermi\u015f oldu\u011funuz ileti\u015fim bilgileri do\u011frultusunda arac\u0131n\u0131z\u0131 de\u011ferinde alal\u0131m.<\/p><\/div><a class=\"ireca_btn ireca_tran\" target=\"_self\" href=\"#\"><i class=\"arrow_carrot-right_alt2\"><\/i><\/a><\/div><\/div>\t\t<\/div>\n\t\t\t\t<\/div>\n\t\t\t\t\t\t<\/div>\n\t\t\t\t\t<\/div>\n\t\t<\/div>\n\t\t\t\t\t\t\t\t<\/div>\n\t\t\t\t\t<\/div>\n\t\t<\/section>\n\t\t\t\t<section class=\"elementor-section elementor-top-section elementor-element elementor-element-3ff6d61 elementor-section-boxed elementor-section-height-default elementor-section-height-default\" data-id=\"3ff6d61\" data-element_type=\"section\">\n\t\t\t\t\t\t<div class=\"elementor-container elementor-column-gap-default\">\n\t\t\t\t\t\t\t<div class=\"elementor-row\">\n\t\t\t\t\t<div class=\"elementor-column elementor-col-100 elementor-top-column elementor-element elementor-element-3753dbc\" data-id=\"3753dbc\" data-element_type=\"column\">\n\t\t\t<div class=\"elementor-column-wrap elementor-element-populated\">\n\t\t\t\t\t\t\t<div class=\"elementor-widget-wrap\">\n\t\t\t\t\t\t<div class=\"elementor-element elementor-element-b0db237 elementor-widget elementor-widget-spacer\" data-id=\"b0db237\" data-element_type=\"widget\" data-widget_type=\"spacer.default\">\n\t\t\t\t<div class=\"elementor-widget-container\">\n\t\t\t\t\t<div class=\"elementor-spacer\">\n\t\t\t<div class=\"elementor-spacer-inner\"><\/div>\n\t\t<\/div>\n\t\t\t\t<\/div>\n\t\t\t\t<\/div>\n\t\t\t\t\t\t<\/div>\n\t\t\t\t\t<\/div>\n\t\t<\/div>\n\t\t\t\t\t\t\t\t<\/div>\n\t\t\t\t\t<\/div>\n\t\t<\/section>\n\t\t\t\t<section class=\"elementor-section elementor-top-section elementor-element elementor-element-d1409d6 elementor-section-stretched elementor-section-full_width elementor-section-height-default elementor-section-height-default\" data-id=\"d1409d6\" data-element_type=\"section\" data-settings=\"{&quot;stretch_section&quot;:&quot;section-stretched&quot;}\">\n\t\t\t\t\t\t<div class=\"elementor-container elementor-column-gap-no\">\n\t\t\t\t\t\t\t<div class=\"elementor-row\">\n\t\t\t\t\t<div class=\"elementor-column elementor-col-50 elementor-top-column elementor-element elementor-element-e799955\" data-id=\"e799955\" data-element_type=\"column\">\n\t\t\t<div class=\"elementor-column-wrap elementor-element-populated\">\n\t\t\t\t\t\t\t<div class=\"elementor-widget-wrap\">\n\t\t\t\t\t\t<div class=\"elementor-element elementor-element-af2ae13 elementor-widget elementor-widget-ovacrs_img_skew\" data-id=\"af2ae13\" data-element_type=\"widget\" data-widget_type=\"ovacrs_img_skew.default\">\n\t\t\t\t<div class=\"elementor-widget-container\">\n\t\t\t<div class=\"img_skew  left \" style=\"background: url( http:\/\/troykaoto.com.tr\/wp-content\/uploads\/2018\/05\/row-of-new-cars-P5RNECG-scaled.jpg ); \"><div class=\"content\" style=\"height: 400px;\"><h3 class=\"title\"><span>G\u00fcvenle Sat\u0131n<\/span><\/h3><div class=\"wrap_desc\"><div class=\"desc\"><\/div><div class=\"contact\"><span class=\"phone\"><\/span><span class=\"email\"><\/span><\/div><\/div><\/div><\/div>\t\t<\/div>\n\t\t\t\t<\/div>\n\t\t\t\t\t\t<\/div>\n\t\t\t\t\t<\/div>\n\t\t<\/div>\n\t\t\t\t<div class=\"elementor-column elementor-col-50 elementor-top-column elementor-element elementor-element-36787f3\" data-id=\"36787f3\" data-element_type=\"column\">\n\t\t\t<div class=\"elementor-column-wrap elementor-element-populated\">\n\t\t\t\t\t\t\t<div class=\"elementor-widget-wrap\">\n\t\t\t\t\t\t<div class=\"elementor-element elementor-element-0937d4b elementor-widget elementor-widget-ovacrs_img_skew\" data-id=\"0937d4b\" data-element_type=\"widget\" data-widget_type=\"ovacrs_img_skew.default\">\n\t\t\t\t<div class=\"elementor-widget-container\">\n\t\t\t<div class=\"img_skew  right \" style=\"background: url( http:\/\/troykaoto.com.tr\/wp-content\/uploads\/2020\/01\/car-in-a-car-wash-at-night-DYKHJLV-scaled.jpg ); \"><div class=\"content\" style=\"height: 400px;\"><h3 class=\"title\"><span>G\u00fcvenle Al\u0131n<\/span><\/h3><div class=\"wrap_desc\"><div class=\"desc\"><\/div><div class=\"contact\"><span class=\"phone\"><\/span><span class=\"email\"><\/span><\/div><\/div><\/div><\/div>\t\t<\/div>\n\t\t\t\t<\/div>\n\t\t\t\t\t\t<\/div>\n\t\t\t\t\t<\/div>\n\t\t<\/div>\n\t\t\t\t\t\t\t\t<\/div>\n\t\t\t\t\t<\/div>\n\t\t<\/section>\n\t\t\t\t\t\t\t\t\t<\/div>\n\t\t\t<\/div>\n\t\t\t\t\t<\/div>\n\t\t","protected":false},"excerpt":{"rendered":"<p>Hizmetlerimiz Ara\u00e7 Almak \u0130stiyorum Be\u011fendi\u011finiz modeli belirterek vermi\u015f oldu\u011funuz ileti\u015fim bilgileri do\u011frultusunda sat\u0131\u015f temsilcimiz size \u00f6zel fiyatlar\u0131m\u0131z\u0131 sunacakt\u0131r. Arac\u0131m\u0131 Satmak \u0130stiyorum Satmak istedi\u011finiz arac\u0131 vermi\u015f oldu\u011funuz ileti\u015fim bilgileri do\u011frultusunda arac\u0131n\u0131z\u0131 de\u011ferinde alal\u0131m. G\u00fcvenle Sat\u0131n G\u00fcvenle Al\u0131n<\/p>\n","protected":false},"author":1,"featured_media":0,"parent":0,"menu_order":0,"comment_status":"closed","ping_status":"closed","template":"templates\/home.php","meta":[],"yoast_head":"<!-- This site is optimized with the Yoast SEO plugin v18.5.1 - https:\/\/yoast.com\/wordpress\/plugins\/seo\/ -->\n<title>Hizmetler - Troyka Oto<\/title>\n<meta name=\"robots\" content=\"index, follow, max-snippet:-1, max-image-preview:large, max-video-preview:-1\" \/>\n<link rel=\"canonical\" href=\"https:\/\/troykaoto.com.tr\/index.php\/service\/\" \/>\n<meta property=\"og:locale\" content=\"tr_TR\" \/>\n<meta property=\"og:type\" content=\"article\" \/>\n<meta property=\"og:title\" content=\"Hizmetler - Troyka Oto\" \/>\n<meta property=\"og:description\" content=\"Hizmetlerimiz Ara\u00e7 Almak \u0130stiyorum Be\u011fendi\u011finiz modeli belirterek vermi\u015f oldu\u011funuz ileti\u015fim bilgileri do\u011frultusunda sat\u0131\u015f temsilcimiz size \u00f6zel fiyatlar\u0131m\u0131z\u0131 sunacakt\u0131r. Arac\u0131m\u0131 Satmak \u0130stiyorum Satmak istedi\u011finiz arac\u0131 vermi\u015f oldu\u011funuz ileti\u015fim bilgileri do\u011frultusunda arac\u0131n\u0131z\u0131 de\u011ferinde alal\u0131m. G\u00fcvenle Sat\u0131n G\u00fcvenle Al\u0131n\" \/>\n<meta property=\"og:url\" content=\"https:\/\/troykaoto.com.tr\/index.php\/service\/\" \/>\n<meta property=\"og:site_name\" content=\"Troyka Oto\" \/>\n<meta property=\"article:modified_time\" content=\"2020-02-06T12:06:13+00:00\" \/>\n<meta property=\"og:image\" content=\"http:\/\/troykaoto.com.tr\/wp-content\/uploads\/2018\/08\/audi-a4.jpg\" \/>\n<meta name=\"twitter:card\" content=\"summary_large_image\" \/>\n<script type=\"application\/ld+json\" class=\"yoast-schema-graph\">{\"@context\":\"https:\/\/schema.org\",\"@graph\":[{\"@type\":\"WebSite\",\"@id\":\"https:\/\/troykaoto.com.tr\/#website\",\"url\":\"https:\/\/troykaoto.com.tr\/\",\"name\":\"Troyka Oto\",\"description\":\"Her Marka 2. El-S\u0131f\u0131r Ara\u00e7lar\",\"potentialAction\":[{\"@type\":\"SearchAction\",\"target\":{\"@type\":\"EntryPoint\",\"urlTemplate\":\"https:\/\/troykaoto.com.tr\/?s={search_term_string}\"},\"query-input\":\"required name=search_term_string\"}],\"inLanguage\":\"tr\"},{\"@type\":\"ImageObject\",\"@id\":\"https:\/\/troykaoto.com.tr\/index.php\/service\/#primaryimage\",\"inLanguage\":\"tr\",\"url\":\"https:\/\/troykaoto.com.tr\/wp-content\/uploads\/2018\/08\/audi-a4.jpg\",\"contentUrl\":\"https:\/\/troykaoto.com.tr\/wp-content\/uploads\/2018\/08\/audi-a4.jpg\",\"width\":900,\"height\":600},{\"@type\":\"WebPage\",\"@id\":\"https:\/\/troykaoto.com.tr\/index.php\/service\/#webpage\",\"url\":\"https:\/\/troykaoto.com.tr\/index.php\/service\/\",\"name\":\"Hizmetler - Troyka Oto\",\"isPartOf\":{\"@id\":\"https:\/\/troykaoto.com.tr\/#website\"},\"primaryImageOfPage\":{\"@id\":\"https:\/\/troykaoto.com.tr\/index.php\/service\/#primaryimage\"},\"datePublished\":\"2018-07-26T07:02:59+00:00\",\"dateModified\":\"2020-02-06T12:06:13+00:00\",\"breadcrumb\":{\"@id\":\"https:\/\/troykaoto.com.tr\/index.php\/service\/#breadcrumb\"},\"inLanguage\":\"tr\",\"potentialAction\":[{\"@type\":\"ReadAction\",\"target\":[\"https:\/\/troykaoto.com.tr\/index.php\/service\/\"]}]},{\"@type\":\"BreadcrumbList\",\"@id\":\"https:\/\/troykaoto.com.tr\/index.php\/service\/#breadcrumb\",\"itemListElement\":[{\"@type\":\"ListItem\",\"position\":1,\"name\":\"Ana sayfa\",\"item\":\"https:\/\/troykaoto.com.tr\/\"},{\"@type\":\"ListItem\",\"position\":2,\"name\":\"Hizmetler\"}]}]}<\/script>\n<!-- \/ Yoast SEO plugin. -->","yoast_head_json":{"title":"Hizmetler - Troyka Oto","robots":{"index":"index","follow":"follow","max-snippet":"max-snippet:-1","max-image-preview":"max-image-preview:large","max-video-preview":"max-video-preview:-1"},"canonical":"https:\/\/troykaoto.com.tr\/index.php\/service\/","og_locale":"tr_TR","og_type":"article","og_title":"Hizmetler - Troyka Oto","og_description":"Hizmetlerimiz Ara\u00e7 Almak \u0130stiyorum Be\u011fendi\u011finiz modeli belirterek vermi\u015f oldu\u011funuz ileti\u015fim bilgileri do\u011frultusunda sat\u0131\u015f temsilcimiz size \u00f6zel fiyatlar\u0131m\u0131z\u0131 sunacakt\u0131r. Arac\u0131m\u0131 Satmak \u0130stiyorum Satmak istedi\u011finiz arac\u0131 vermi\u015f oldu\u011funuz ileti\u015fim bilgileri do\u011frultusunda arac\u0131n\u0131z\u0131 de\u011ferinde alal\u0131m. G\u00fcvenle Sat\u0131n G\u00fcvenle Al\u0131n","og_url":"https:\/\/troykaoto.com.tr\/index.php\/service\/","og_site_name":"Troyka Oto","article_modified_time":"2020-02-06T12:06:13+00:00","og_image":[{"url":"http:\/\/troykaoto.com.tr\/wp-content\/uploads\/2018\/08\/audi-a4.jpg"}],"twitter_card":"summary_large_image","schema":{"@context":"https:\/\/schema.org","@graph":[{"@type":"WebSite","@id":"https:\/\/troykaoto.com.tr\/#website","url":"https:\/\/troykaoto.com.tr\/","name":"Troyka Oto","description":"Her Marka 2. El-S\u0131f\u0131r Ara\u00e7lar","potentialAction":[{"@type":"SearchAction","target":{"@type":"EntryPoint","urlTemplate":"https:\/\/troykaoto.com.tr\/?s={search_term_string}"},"query-input":"required name=search_term_string"}],"inLanguage":"tr"},{"@type":"ImageObject","@id":"https:\/\/troykaoto.com.tr\/index.php\/service\/#primaryimage","inLanguage":"tr","url":"https:\/\/troykaoto.com.tr\/wp-content\/uploads\/2018\/08\/audi-a4.jpg","contentUrl":"https:\/\/troykaoto.com.tr\/wp-content\/uploads\/2018\/08\/audi-a4.jpg","width":900,"height":600},{"@type":"WebPage","@id":"https:\/\/troykaoto.com.tr\/index.php\/service\/#webpage","url":"https:\/\/troykaoto.com.tr\/index.php\/service\/","name":"Hizmetler - Troyka Oto","isPartOf":{"@id":"https:\/\/troykaoto.com.tr\/#website"},"primaryImageOfPage":{"@id":"https:\/\/troykaoto.com.tr\/index.php\/service\/#primaryimage"},"datePublished":"2018-07-26T07:02:59+00:00","dateModified":"2020-02-06T12:06:13+00:00","breadcrumb":{"@id":"https:\/\/troykaoto.com.tr\/index.php\/service\/#breadcrumb"},"inLanguage":"tr","potentialAction":[{"@type":"ReadAction","target":["https:\/\/troykaoto.com.tr\/index.php\/service\/"]}]},{"@type":"BreadcrumbList","@id":"https:\/\/troykaoto.com.tr\/index.php\/service\/#breadcrumb","itemListElement":[{"@type":"ListItem","position":1,"name":"Ana sayfa","item":"https:\/\/troykaoto.com.tr\/"},{"@type":"ListItem","position":2,"name":"Hizmetler"}]}]}},"_links":{"self":[{"href":"https:\/\/troykaoto.com.tr\/index.php\/wp-json\/wp\/v2\/pages\/1296"}],"collection":[{"href":"https:\/\/troykaoto.com.tr\/index.php\/wp-json\/wp\/v2\/pages"}],"about":[{"href":"https:\/\/troykaoto.com.tr\/index.php\/wp-json\/wp\/v2\/types\/page"}],"author":[{"embeddable":true,"href":"https:\/\/troykaoto.com.tr\/index.php\/wp-json\/wp\/v2\/users\/1"}],"replies":[{"embeddable":true,"href":"https:\/\/troykaoto.com.tr\/index.php\/wp-json\/wp\/v2\/comments?post=1296"}],"version-history":[{"count":40,"href":"https:\/\/troykaoto.com.tr\/index.php\/wp-json\/wp\/v2\/pages\/1296\/revisions"}],"predecessor-version":[{"id":3530,"href":"https:\/\/troykaoto.com.tr\/index.php\/wp-json\/wp\/v2\/pages\/1296\/revisions\/3530"}],"wp:attachment":[{"href":"https:\/\/troykaoto.com.tr\/index.php\/wp-json\/wp\/v2\/media?parent=1296"}],"curies":[{"name":"wp","href":"https:\/\/api.w.org\/{rel}","templated":true}]}}