{"id":1408,"date":"2018-07-27T08:15:16","date_gmt":"2018-07-27T08:15:16","guid":{"rendered":"http:\/\/demo.ovathemes.com\/ireca\/?page_id=1408"},"modified":"2020-02-06T16:09:10","modified_gmt":"2020-02-06T13:09:10","slug":"contact","status":"publish","type":"page","link":"https:\/\/troykaoto.com.tr\/index.php\/contact\/","title":{"rendered":"\u0130leti\u015fim"},"content":{"rendered":"\t\t<div data-elementor-type=\"wp-post\" data-elementor-id=\"1408\" class=\"elementor elementor-1408\">\n\t\t\t\t\t\t<div class=\"elementor-inner\">\n\t\t\t\t<div class=\"elementor-section-wrap\">\n\t\t\t\t\t\t\t\t\t<section class=\"elementor-section elementor-top-section elementor-element elementor-element-ffdedfb elementor-section-boxed elementor-section-height-default elementor-section-height-default\" data-id=\"ffdedfb\" data-element_type=\"section\">\n\t\t\t\t\t\t<div class=\"elementor-container elementor-column-gap-default\">\n\t\t\t\t\t\t\t<div class=\"elementor-row\">\n\t\t\t\t\t<div class=\"elementor-column elementor-col-100 elementor-top-column elementor-element elementor-element-e5dfd11\" data-id=\"e5dfd11\" data-element_type=\"column\">\n\t\t\t<div class=\"elementor-column-wrap elementor-element-populated\">\n\t\t\t\t\t\t\t<div class=\"elementor-widget-wrap\">\n\t\t\t\t\t\t<div class=\"elementor-element elementor-element-1db734f elementor-widget elementor-widget-spacer\" data-id=\"1db734f\" data-element_type=\"widget\" data-widget_type=\"spacer.default\">\n\t\t\t\t<div class=\"elementor-widget-container\">\n\t\t\t\t\t<div class=\"elementor-spacer\">\n\t\t\t<div class=\"elementor-spacer-inner\"><\/div>\n\t\t<\/div>\n\t\t\t\t<\/div>\n\t\t\t\t<\/div>\n\t\t\t\t<div class=\"elementor-element elementor-element-ce69c9a elementor-widget elementor-widget-ovacrs_heading1\" data-id=\"ce69c9a\" data-element_type=\"widget\" data-widget_type=\"ovacrs_heading1.default\">\n\t\t\t\t<div class=\"elementor-widget-container\">\n\t\t\t<div class=\"ovacrs_heading1  style1  text-center border_yes\"><h3 class=\"title\"><span>\u0130leti\u015fim Bilgileri<\/span><\/h3><div class=\"desc\"><p>\u00a0 \u00a0\u00a0<\/p><\/div><\/div>\t\t<\/div>\n\t\t\t\t<\/div>\n\t\t\t\t\t\t<\/div>\n\t\t\t\t\t<\/div>\n\t\t<\/div>\n\t\t\t\t\t\t\t\t<\/div>\n\t\t\t\t\t<\/div>\n\t\t<\/section>\n\t\t\t\t<section class=\"elementor-section elementor-top-section elementor-element elementor-element-4adf354 elementor-section-boxed elementor-section-height-default elementor-section-height-default\" data-id=\"4adf354\" data-element_type=\"section\">\n\t\t\t\t\t\t<div class=\"elementor-container elementor-column-gap-default\">\n\t\t\t\t\t\t\t<div class=\"elementor-row\">\n\t\t\t\t\t<div class=\"elementor-column elementor-col-33 elementor-top-column elementor-element elementor-element-2ae0262\" data-id=\"2ae0262\" data-element_type=\"column\">\n\t\t\t<div class=\"elementor-column-wrap elementor-element-populated\">\n\t\t\t\t\t\t\t<div class=\"elementor-widget-wrap\">\n\t\t\t\t\t\t<div class=\"elementor-element elementor-element-163f74b elementor-widget elementor-widget-ovacrs_contact_box\" data-id=\"163f74b\" data-element_type=\"widget\" data-widget_type=\"ovacrs_contact_box.default\">\n\t\t\t\t<div class=\"elementor-widget-container\">\n\t\t\t<div class=\"ovacrs_contact_box  \"><div class=\"content\"><i class=\"flaticon-alarm-clock\"><\/i><div class=\"title\">\u00c7al\u0131\u015fma saatleri<\/div><div class=\"item\">Pazartesi-Cuma: 9:00-19:00<\/div><div class=\"item\">Cumartesi-Pazar: 11:00-19:00<\/div><span class=\"line\"><\/span><\/div><\/div>\t\t<\/div>\n\t\t\t\t<\/div>\n\t\t\t\t\t\t<\/div>\n\t\t\t\t\t<\/div>\n\t\t<\/div>\n\t\t\t\t<div class=\"elementor-column elementor-col-33 elementor-top-column elementor-element elementor-element-60fc13c\" data-id=\"60fc13c\" data-element_type=\"column\">\n\t\t\t<div class=\"elementor-column-wrap elementor-element-populated\">\n\t\t\t\t\t\t\t<div class=\"elementor-widget-wrap\">\n\t\t\t\t\t\t<div class=\"elementor-element elementor-element-325b9c1 elementor-widget elementor-widget-ovacrs_contact_box\" data-id=\"325b9c1\" data-element_type=\"widget\" data-widget_type=\"ovacrs_contact_box.default\">\n\t\t\t\t<div class=\"elementor-widget-container\">\n\t\t\t<div class=\"ovacrs_contact_box  \"><div class=\"content\"><i class=\"flaticon-placeholder-3\"><\/i><div class=\"title\">adres<\/div><div class=\"item\">Konya Yolu Y\u0131ld\u0131r\u0131m Kule No:221\/134 <br>\u00c7ankaya \/ Ankara<\/div><span class=\"line\"><\/span><\/div><\/div>\t\t<\/div>\n\t\t\t\t<\/div>\n\t\t\t\t\t\t<\/div>\n\t\t\t\t\t<\/div>\n\t\t<\/div>\n\t\t\t\t<div class=\"elementor-column elementor-col-33 elementor-top-column elementor-element elementor-element-4e6aa9d\" data-id=\"4e6aa9d\" data-element_type=\"column\">\n\t\t\t<div class=\"elementor-column-wrap elementor-element-populated\">\n\t\t\t\t\t\t\t<div class=\"elementor-widget-wrap\">\n\t\t\t\t\t\t<div class=\"elementor-element elementor-element-bf60ac8 elementor-widget elementor-widget-ovacrs_contact_box\" data-id=\"bf60ac8\" data-element_type=\"widget\" data-widget_type=\"ovacrs_contact_box.default\">\n\t\t\t\t<div class=\"elementor-widget-container\">\n\t\t\t<div class=\"ovacrs_contact_box  \"><div class=\"content\"><i class=\"flaticon-smartphone-6\"><\/i><div class=\"title\">telefon & Ema\u0131l<\/div><div class=\"item\">info@troykaoto.com.tr<\/div><div class=\"item\">+(90) 312 242 10 10 \/ +9 0552 662 90 10<\/div><span class=\"line\"><\/span><\/div><\/div>\t\t<\/div>\n\t\t\t\t<\/div>\n\t\t\t\t\t\t<\/div>\n\t\t\t\t\t<\/div>\n\t\t<\/div>\n\t\t\t\t\t\t\t\t<\/div>\n\t\t\t\t\t<\/div>\n\t\t<\/section>\n\t\t\t\t<section class=\"elementor-section elementor-top-section elementor-element elementor-element-39e76a2 elementor-section-boxed elementor-section-height-default elementor-section-height-default\" data-id=\"39e76a2\" data-element_type=\"section\">\n\t\t\t\t\t\t<div class=\"elementor-container elementor-column-gap-default\">\n\t\t\t\t\t\t\t<div class=\"elementor-row\">\n\t\t\t\t\t<div class=\"elementor-column elementor-col-100 elementor-top-column elementor-element elementor-element-19fc3dc\" data-id=\"19fc3dc\" data-element_type=\"column\">\n\t\t\t<div class=\"elementor-column-wrap elementor-element-populated\">\n\t\t\t\t\t\t\t<div class=\"elementor-widget-wrap\">\n\t\t\t\t\t\t<div class=\"elementor-element elementor-element-02b6d24 elementor-widget elementor-widget-google_maps\" data-id=\"02b6d24\" data-element_type=\"widget\" data-widget_type=\"google_maps.default\">\n\t\t\t\t<div class=\"elementor-widget-container\">\n\t\t\t\t\t<div class=\"elementor-custom-embed\">\n\t\t\t<iframe frameborder=\"0\" scrolling=\"no\" marginheight=\"0\" marginwidth=\"0\"\n\t\t\t\t\tsrc=\"https:\/\/maps.google.com\/maps?q=39.882894%2C%2032.813035&#038;t=m&#038;z=15&#038;output=embed&#038;iwloc=near\"\n\t\t\t\t\ttitle=\"39.882894, 32.813035\"\n\t\t\t\t\taria-label=\"39.882894, 32.813035\"\n\t\t\t><\/iframe>\n\t\t<\/div>\n\t\t\t\t<\/div>\n\t\t\t\t<\/div>\n\t\t\t\t<div class=\"elementor-element elementor-element-73798ab elementor-widget elementor-widget-spacer\" data-id=\"73798ab\" data-element_type=\"widget\" data-widget_type=\"spacer.default\">\n\t\t\t\t<div class=\"elementor-widget-container\">\n\t\t\t\t\t<div class=\"elementor-spacer\">\n\t\t\t<div class=\"elementor-spacer-inner\"><\/div>\n\t\t<\/div>\n\t\t\t\t<\/div>\n\t\t\t\t<\/div>\n\t\t\t\t\t\t<\/div>\n\t\t\t\t\t<\/div>\n\t\t<\/div>\n\t\t\t\t\t\t\t\t<\/div>\n\t\t\t\t\t<\/div>\n\t\t<\/section>\n\t\t\t\t<section class=\"elementor-section elementor-top-section elementor-element elementor-element-1fa140e elementor-section-boxed elementor-section-height-default elementor-section-height-default\" data-id=\"1fa140e\" data-element_type=\"section\">\n\t\t\t\t\t\t<div class=\"elementor-container elementor-column-gap-default\">\n\t\t\t\t\t\t\t<div class=\"elementor-row\">\n\t\t\t\t\t<div class=\"elementor-column elementor-col-100 elementor-top-column elementor-element elementor-element-a389052\" data-id=\"a389052\" data-element_type=\"column\">\n\t\t\t<div class=\"elementor-column-wrap elementor-element-populated\">\n\t\t\t\t\t\t\t<div class=\"elementor-widget-wrap\">\n\t\t\t\t\t\t<div class=\"elementor-element elementor-element-de8886c elementor-widget elementor-widget-ovacrs_heading3\" data-id=\"de8886c\" data-element_type=\"widget\" data-widget_type=\"ovacrs_heading3.default\">\n\t\t\t\t<div class=\"elementor-widget-container\">\n\t\t\t<div class=\"ovacrs_heading3  text-center\"><h3 class=\"title border_yes\"><span>Mesaj B\u0131rak\u0131n<\/span><\/h3><div class=\"desc\"><p>Yeni ara\u00e7, ikinci el ara\u00e7, ve sat\u0131\u015f sonras\u0131 hizmetleriyle ilgili her t\u00fcrl\u00fc soru, talep ve \u00f6nerileriniz i\u00e7in formu doldurabilirsiniz.<\/p><\/div><\/div>\t\t<\/div>\n\t\t\t\t<\/div>\n\t\t\t\t\t\t<\/div>\n\t\t\t\t\t<\/div>\n\t\t<\/div>\n\t\t\t\t\t\t\t\t<\/div>\n\t\t\t\t\t<\/div>\n\t\t<\/section>\n\t\t\t\t<section class=\"elementor-section elementor-top-section elementor-element elementor-element-4f264cd elementor-section-boxed elementor-section-height-default elementor-section-height-default\" data-id=\"4f264cd\" data-element_type=\"section\">\n\t\t\t\t\t\t<div class=\"elementor-container elementor-column-gap-default\">\n\t\t\t\t\t\t\t<div class=\"elementor-row\">\n\t\t\t\t\t<div class=\"elementor-column elementor-col-100 elementor-top-column elementor-element elementor-element-0b2ce9d\" data-id=\"0b2ce9d\" data-element_type=\"column\">\n\t\t\t<div class=\"elementor-column-wrap elementor-element-populated\">\n\t\t\t\t\t\t\t<div class=\"elementor-widget-wrap\">\n\t\t\t\t\t\t<div class=\"elementor-element elementor-element-b5a9118 elementor-widget elementor-widget-shortcode\" data-id=\"b5a9118\" data-element_type=\"widget\" data-widget_type=\"shortcode.default\">\n\t\t\t\t<div class=\"elementor-widget-container\">\n\t\t\t\t\t<div class=\"elementor-shortcode\"><div role=\"form\" class=\"wpcf7\" id=\"wpcf7-f2733-o1\" lang=\"en-US\" dir=\"ltr\">\n<div class=\"screen-reader-response\"><p role=\"status\" aria-live=\"polite\" aria-atomic=\"true\"><\/p> <ul><\/ul><\/div>\n<form action=\"\/index.php\/wp-json\/wp\/v2\/pages\/1408#wpcf7-f2733-o1\" method=\"post\" class=\"wpcf7-form init\" novalidate=\"novalidate\" data-status=\"init\">\n<div style=\"display: none;\">\n<input type=\"hidden\" name=\"_wpcf7\" value=\"2733\" \/>\n<input type=\"hidden\" name=\"_wpcf7_version\" value=\"5.5.6\" \/>\n<input type=\"hidden\" name=\"_wpcf7_locale\" value=\"en_US\" \/>\n<input type=\"hidden\" name=\"_wpcf7_unit_tag\" value=\"wpcf7-f2733-o1\" \/>\n<input type=\"hidden\" name=\"_wpcf7_container_post\" value=\"0\" \/>\n<input type=\"hidden\" name=\"_wpcf7_posted_data_hash\" value=\"\" \/>\n<\/div>\n<div class=\"ireca_contact\">\n<p><label><span class=\"wpcf7-form-control-wrap your-name\"><input type=\"text\" name=\"your-name\" value=\"\" size=\"40\" class=\"wpcf7-form-control wpcf7-text wpcf7-validates-as-required\" aria-required=\"true\" aria-invalid=\"false\" placeholder=\"Ad Soyad\" \/><\/span> <\/label><\/p>\n<p><label><span class=\"wpcf7-form-control-wrap your-email\"><input type=\"email\" name=\"your-email\" value=\"\" size=\"40\" class=\"wpcf7-form-control wpcf7-text wpcf7-email wpcf7-validates-as-required wpcf7-validates-as-email\" aria-required=\"true\" aria-invalid=\"false\" placeholder=\"E-posta\" \/><\/span> <\/label><\/p>\n<p><label><span class=\"wpcf7-form-control-wrap your-subject\"><input type=\"text\" name=\"your-subject\" value=\"\" size=\"40\" class=\"wpcf7-form-control wpcf7-text\" aria-invalid=\"false\" placeholder=\"Konu\" \/><\/span> <\/label><\/p>\n<p><label><span class=\"wpcf7-form-control-wrap your-message\"><textarea name=\"your-message\" cols=\"40\" rows=\"10\" class=\"wpcf7-form-control wpcf7-textarea\" aria-invalid=\"false\" placeholder=\"Mesaj\u0131n\u0131z\"><\/textarea><\/span> <\/label><\/p>\n<p><input type=\"submit\" value=\"G\u00f6nder\" class=\"wpcf7-form-control has-spinner wpcf7-submit\" \/><\/p>\n<\/div>\n<p style=\"display: none !important;\"><label>&#916;<textarea name=\"_wpcf7_ak_hp_textarea\" cols=\"45\" rows=\"8\" maxlength=\"100\"><\/textarea><\/label><input type=\"hidden\" id=\"ak_js_1\" name=\"_wpcf7_ak_js\" value=\"204\"\/><script>document.getElementById( \"ak_js_1\" ).setAttribute( \"value\", ( new Date() ).getTime() );<\/script><\/p><div class=\"wpcf7-response-output\" aria-hidden=\"true\"><\/div><\/form><\/div><\/div>\n\t\t\t\t<\/div>\n\t\t\t\t<\/div>\n\t\t\t\t\t\t<\/div>\n\t\t\t\t\t<\/div>\n\t\t<\/div>\n\t\t\t\t\t\t\t\t<\/div>\n\t\t\t\t\t<\/div>\n\t\t<\/section>\n\t\t\t\t<section class=\"elementor-section elementor-top-section elementor-element elementor-element-a55b4db elementor-section-boxed elementor-section-height-default elementor-section-height-default\" data-id=\"a55b4db\" data-element_type=\"section\">\n\t\t\t\t\t\t<div class=\"elementor-container elementor-column-gap-default\">\n\t\t\t\t\t\t\t<div class=\"elementor-row\">\n\t\t\t\t\t<div class=\"elementor-column elementor-col-100 elementor-top-column elementor-element elementor-element-179d351\" data-id=\"179d351\" data-element_type=\"column\">\n\t\t\t<div class=\"elementor-column-wrap elementor-element-populated\">\n\t\t\t\t\t\t\t<div class=\"elementor-widget-wrap\">\n\t\t\t\t\t\t<div class=\"elementor-element elementor-element-1cf31df elementor-widget elementor-widget-heading\" data-id=\"1cf31df\" data-element_type=\"widget\" data-widget_type=\"heading.default\">\n\t\t\t\t<div class=\"elementor-widget-container\">\n\t\t\t<h2 class=\"elementor-heading-title elementor-size-default\">Sosyal Medya Hesaplar\u0131m\u0131z<\/h2>\t\t<\/div>\n\t\t\t\t<\/div>\n\t\t\t\t\t\t<\/div>\n\t\t\t\t\t<\/div>\n\t\t<\/div>\n\t\t\t\t\t\t\t\t<\/div>\n\t\t\t\t\t<\/div>\n\t\t<\/section>\n\t\t\t\t<section class=\"elementor-section elementor-top-section elementor-element elementor-element-baef17e elementor-section-boxed elementor-section-height-default elementor-section-height-default\" data-id=\"baef17e\" data-element_type=\"section\">\n\t\t\t\t\t\t<div class=\"elementor-container elementor-column-gap-extended\">\n\t\t\t\t\t\t\t<div class=\"elementor-row\">\n\t\t\t\t\t<div class=\"elementor-column elementor-col-33 elementor-top-column elementor-element elementor-element-10e7481\" data-id=\"10e7481\" data-element_type=\"column\">\n\t\t\t<div class=\"elementor-column-wrap elementor-element-populated\">\n\t\t\t\t\t\t\t<div class=\"elementor-widget-wrap\">\n\t\t\t\t\t\t<div class=\"elementor-element elementor-element-f004b1a elementor-widget elementor-widget-image\" data-id=\"f004b1a\" data-element_type=\"widget\" data-widget_type=\"image.default\">\n\t\t\t\t<div class=\"elementor-widget-container\">\n\t\t\t\t\t\t\t\t<div class=\"elementor-image\">\n\t\t\t\t\t\t\t\t\t\t\t\t\t<a href=\"https:\/\/troykaoto.sahibinden.com\/\">\n\t\t\t\t\t\t\t<img src=\"https:\/\/troykaoto.com.tr\/wp-content\/uploads\/2020\/02\/246x0w.png\" title=\"246x0w\" alt=\"246x0w\" \/>\t\t\t\t\t\t\t\t<\/a>\n\t\t\t\t\t\t\t\t\t\t\t\t\t\t<\/div>\n\t\t\t\t\t\t<\/div>\n\t\t\t\t<\/div>\n\t\t\t\t\t\t<\/div>\n\t\t\t\t\t<\/div>\n\t\t<\/div>\n\t\t\t\t<div class=\"elementor-column elementor-col-33 elementor-top-column elementor-element elementor-element-d95554e\" data-id=\"d95554e\" data-element_type=\"column\">\n\t\t\t<div class=\"elementor-column-wrap elementor-element-populated\">\n\t\t\t\t\t\t\t<div class=\"elementor-widget-wrap\">\n\t\t\t\t\t\t<div class=\"elementor-element elementor-element-908b381 elementor-widget elementor-widget-image\" data-id=\"908b381\" data-element_type=\"widget\" data-widget_type=\"image.default\">\n\t\t\t\t<div class=\"elementor-widget-container\">\n\t\t\t\t\t\t\t\t<div class=\"elementor-image\">\n\t\t\t\t\t\t\t\t\t\t\t\t\t<a href=\"https:\/\/www.instagram.com\/troykaoto\/?igshid=18olhjehe1g8a\">\n\t\t\t\t\t\t\t<img src=\"https:\/\/troykaoto.com.tr\/wp-content\/uploads\/2020\/02\/images.jpeg\" title=\"images\" alt=\"images\" \/>\t\t\t\t\t\t\t\t<\/a>\n\t\t\t\t\t\t\t\t\t\t\t\t\t\t<\/div>\n\t\t\t\t\t\t<\/div>\n\t\t\t\t<\/div>\n\t\t\t\t\t\t<\/div>\n\t\t\t\t\t<\/div>\n\t\t<\/div>\n\t\t\t\t<div class=\"elementor-column elementor-col-33 elementor-top-column elementor-element elementor-element-097f558\" data-id=\"097f558\" data-element_type=\"column\">\n\t\t\t<div class=\"elementor-column-wrap elementor-element-populated\">\n\t\t\t\t\t\t\t<div class=\"elementor-widget-wrap\">\n\t\t\t\t\t\t<div class=\"elementor-element elementor-element-545bf06 elementor-widget elementor-widget-image\" data-id=\"545bf06\" data-element_type=\"widget\" data-widget_type=\"image.default\">\n\t\t\t\t<div class=\"elementor-widget-container\">\n\t\t\t\t\t\t\t\t<div class=\"elementor-image\">\n\t\t\t\t\t\t\t\t\t\t\t\t\t<a href=\"https:\/\/www.facebook.com\/Troyka-Oto-106908440840279\/\">\n\t\t\t\t\t\t\t<img src=\"https:\/\/troykaoto.com.tr\/wp-content\/uploads\/2020\/02\/fb_icon_325x325.png\" title=\"fb_icon_325x325\" alt=\"fb_icon_325x325\" \/>\t\t\t\t\t\t\t\t<\/a>\n\t\t\t\t\t\t\t\t\t\t\t\t\t\t<\/div>\n\t\t\t\t\t\t<\/div>\n\t\t\t\t<\/div>\n\t\t\t\t\t\t<\/div>\n\t\t\t\t\t<\/div>\n\t\t<\/div>\n\t\t\t\t\t\t\t\t<\/div>\n\t\t\t\t\t<\/div>\n\t\t<\/section>\n\t\t\t\t\t\t\t\t\t<\/div>\n\t\t\t<\/div>\n\t\t\t\t\t<\/div>\n\t\t","protected":false},"excerpt":{"rendered":"<p>\u0130leti\u015fim Bilgileri \u00a0 \u00a0\u00a0 \u00c7al\u0131\u015fma saatleriPazartesi-Cuma: 9:00-19:00Cumartesi-Pazar: 11:00-19:00 adresKonya Yolu Y\u0131ld\u0131r\u0131m Kule No:221\/134 \u00c7ankaya \/ Ankara telefon &#038; Ema\u0131linfo@troykaoto.com.tr+(90) 312 242 10 10 \/ +9 0552 662 90 10 Mesaj B\u0131rak\u0131n Yeni ara\u00e7, ikinci el ara\u00e7, ve sat\u0131\u015f sonras\u0131 hizmetleriyle ilgili her t\u00fcrl\u00fc soru, talep ve \u00f6nerileriniz i\u00e7in formu doldurabilirsiniz. Sosyal Medya Hesaplar\u0131m\u0131z<\/p>\n","protected":false},"author":1,"featured_media":0,"parent":0,"menu_order":0,"comment_status":"closed","ping_status":"closed","template":"templates\/home.php","meta":[],"yoast_head":"<!-- This site is optimized with the Yoast SEO plugin v18.5.1 - https:\/\/yoast.com\/wordpress\/plugins\/seo\/ -->\n<title>\u0130leti\u015fim - Troyka Oto<\/title>\n<meta name=\"robots\" content=\"index, follow, max-snippet:-1, max-image-preview:large, max-video-preview:-1\" \/>\n<link rel=\"canonical\" href=\"https:\/\/troykaoto.com.tr\/index.php\/contact\/\" \/>\n<meta property=\"og:locale\" content=\"tr_TR\" \/>\n<meta property=\"og:type\" content=\"article\" \/>\n<meta property=\"og:title\" content=\"\u0130leti\u015fim - Troyka Oto\" \/>\n<meta property=\"og:description\" content=\"\u0130leti\u015fim Bilgileri \u00a0 \u00a0\u00a0 \u00c7al\u0131\u015fma saatleriPazartesi-Cuma: 9:00-19:00Cumartesi-Pazar: 11:00-19:00 adresKonya Yolu Y\u0131ld\u0131r\u0131m Kule No:221\/134 \u00c7ankaya \/ Ankara telefon &#038; Ema\u0131linfo@troykaoto.com.tr+(90) 312 242 10 10 \/ +9 0552 662 90 10 Mesaj B\u0131rak\u0131n Yeni ara\u00e7, ikinci el ara\u00e7, ve sat\u0131\u015f sonras\u0131 hizmetleriyle ilgili her t\u00fcrl\u00fc soru, talep ve \u00f6nerileriniz i\u00e7in formu doldurabilirsiniz. Sosyal Medya Hesaplar\u0131m\u0131z\" \/>\n<meta property=\"og:url\" content=\"https:\/\/troykaoto.com.tr\/index.php\/contact\/\" \/>\n<meta property=\"og:site_name\" content=\"Troyka Oto\" \/>\n<meta property=\"article:modified_time\" content=\"2020-02-06T13:09:10+00:00\" \/>\n<meta property=\"og:image\" content=\"http:\/\/troykaoto.com.tr\/wp-content\/uploads\/elementor\/thumbs\/246x0w-okm7oios59mt7ae2u45pa2mw3n3l3waryqj0uzrpy8.png\" \/>\n<meta name=\"twitter:card\" content=\"summary_large_image\" \/>\n<script type=\"application\/ld+json\" class=\"yoast-schema-graph\">{\"@context\":\"https:\/\/schema.org\",\"@graph\":[{\"@type\":\"WebSite\",\"@id\":\"https:\/\/troykaoto.com.tr\/#website\",\"url\":\"https:\/\/troykaoto.com.tr\/\",\"name\":\"Troyka Oto\",\"description\":\"Her Marka 2. El-S\u0131f\u0131r Ara\u00e7lar\",\"potentialAction\":[{\"@type\":\"SearchAction\",\"target\":{\"@type\":\"EntryPoint\",\"urlTemplate\":\"https:\/\/troykaoto.com.tr\/?s={search_term_string}\"},\"query-input\":\"required name=search_term_string\"}],\"inLanguage\":\"tr\"},{\"@type\":\"ImageObject\",\"@id\":\"https:\/\/troykaoto.com.tr\/index.php\/contact\/#primaryimage\",\"inLanguage\":\"tr\",\"url\":\"http:\/\/troykaoto.com.tr\/wp-content\/uploads\/elementor\/thumbs\/246x0w-okm7oios59mt7ae2u45pa2mw3n3l3waryqj0uzrpy8.png\",\"contentUrl\":\"http:\/\/troykaoto.com.tr\/wp-content\/uploads\/elementor\/thumbs\/246x0w-okm7oios59mt7ae2u45pa2mw3n3l3waryqj0uzrpy8.png\"},{\"@type\":\"WebPage\",\"@id\":\"https:\/\/troykaoto.com.tr\/index.php\/contact\/#webpage\",\"url\":\"https:\/\/troykaoto.com.tr\/index.php\/contact\/\",\"name\":\"\u0130leti\u015fim - Troyka Oto\",\"isPartOf\":{\"@id\":\"https:\/\/troykaoto.com.tr\/#website\"},\"primaryImageOfPage\":{\"@id\":\"https:\/\/troykaoto.com.tr\/index.php\/contact\/#primaryimage\"},\"datePublished\":\"2018-07-27T08:15:16+00:00\",\"dateModified\":\"2020-02-06T13:09:10+00:00\",\"breadcrumb\":{\"@id\":\"https:\/\/troykaoto.com.tr\/index.php\/contact\/#breadcrumb\"},\"inLanguage\":\"tr\",\"potentialAction\":[{\"@type\":\"ReadAction\",\"target\":[\"https:\/\/troykaoto.com.tr\/index.php\/contact\/\"]}]},{\"@type\":\"BreadcrumbList\",\"@id\":\"https:\/\/troykaoto.com.tr\/index.php\/contact\/#breadcrumb\",\"itemListElement\":[{\"@type\":\"ListItem\",\"position\":1,\"name\":\"Ana sayfa\",\"item\":\"https:\/\/troykaoto.com.tr\/\"},{\"@type\":\"ListItem\",\"position\":2,\"name\":\"\u0130leti\u015fim\"}]}]}<\/script>\n<!-- \/ Yoast SEO plugin. -->","yoast_head_json":{"title":"\u0130leti\u015fim - Troyka Oto","robots":{"index":"index","follow":"follow","max-snippet":"max-snippet:-1","max-image-preview":"max-image-preview:large","max-video-preview":"max-video-preview:-1"},"canonical":"https:\/\/troykaoto.com.tr\/index.php\/contact\/","og_locale":"tr_TR","og_type":"article","og_title":"\u0130leti\u015fim - Troyka Oto","og_description":"\u0130leti\u015fim Bilgileri \u00a0 \u00a0\u00a0 \u00c7al\u0131\u015fma saatleriPazartesi-Cuma: 9:00-19:00Cumartesi-Pazar: 11:00-19:00 adresKonya Yolu Y\u0131ld\u0131r\u0131m Kule No:221\/134 \u00c7ankaya \/ Ankara telefon &#038; Ema\u0131linfo@troykaoto.com.tr+(90) 312 242 10 10 \/ +9 0552 662 90 10 Mesaj B\u0131rak\u0131n Yeni ara\u00e7, ikinci el ara\u00e7, ve sat\u0131\u015f sonras\u0131 hizmetleriyle ilgili her t\u00fcrl\u00fc soru, talep ve \u00f6nerileriniz i\u00e7in formu doldurabilirsiniz. Sosyal Medya Hesaplar\u0131m\u0131z","og_url":"https:\/\/troykaoto.com.tr\/index.php\/contact\/","og_site_name":"Troyka Oto","article_modified_time":"2020-02-06T13:09:10+00:00","og_image":[{"url":"http:\/\/troykaoto.com.tr\/wp-content\/uploads\/elementor\/thumbs\/246x0w-okm7oios59mt7ae2u45pa2mw3n3l3waryqj0uzrpy8.png"}],"twitter_card":"summary_large_image","schema":{"@context":"https:\/\/schema.org","@graph":[{"@type":"WebSite","@id":"https:\/\/troykaoto.com.tr\/#website","url":"https:\/\/troykaoto.com.tr\/","name":"Troyka Oto","description":"Her Marka 2. El-S\u0131f\u0131r Ara\u00e7lar","potentialAction":[{"@type":"SearchAction","target":{"@type":"EntryPoint","urlTemplate":"https:\/\/troykaoto.com.tr\/?s={search_term_string}"},"query-input":"required name=search_term_string"}],"inLanguage":"tr"},{"@type":"ImageObject","@id":"https:\/\/troykaoto.com.tr\/index.php\/contact\/#primaryimage","inLanguage":"tr","url":"http:\/\/troykaoto.com.tr\/wp-content\/uploads\/elementor\/thumbs\/246x0w-okm7oios59mt7ae2u45pa2mw3n3l3waryqj0uzrpy8.png","contentUrl":"http:\/\/troykaoto.com.tr\/wp-content\/uploads\/elementor\/thumbs\/246x0w-okm7oios59mt7ae2u45pa2mw3n3l3waryqj0uzrpy8.png"},{"@type":"WebPage","@id":"https:\/\/troykaoto.com.tr\/index.php\/contact\/#webpage","url":"https:\/\/troykaoto.com.tr\/index.php\/contact\/","name":"\u0130leti\u015fim - Troyka Oto","isPartOf":{"@id":"https:\/\/troykaoto.com.tr\/#website"},"primaryImageOfPage":{"@id":"https:\/\/troykaoto.com.tr\/index.php\/contact\/#primaryimage"},"datePublished":"2018-07-27T08:15:16+00:00","dateModified":"2020-02-06T13:09:10+00:00","breadcrumb":{"@id":"https:\/\/troykaoto.com.tr\/index.php\/contact\/#breadcrumb"},"inLanguage":"tr","potentialAction":[{"@type":"ReadAction","target":["https:\/\/troykaoto.com.tr\/index.php\/contact\/"]}]},{"@type":"BreadcrumbList","@id":"https:\/\/troykaoto.com.tr\/index.php\/contact\/#breadcrumb","itemListElement":[{"@type":"ListItem","position":1,"name":"Ana sayfa","item":"https:\/\/troykaoto.com.tr\/"},{"@type":"ListItem","position":2,"name":"\u0130leti\u015fim"}]}]}},"_links":{"self":[{"href":"https:\/\/troykaoto.com.tr\/index.php\/wp-json\/wp\/v2\/pages\/1408"}],"collection":[{"href":"https:\/\/troykaoto.com.tr\/index.php\/wp-json\/wp\/v2\/pages"}],"about":[{"href":"https:\/\/troykaoto.com.tr\/index.php\/wp-json\/wp\/v2\/types\/page"}],"author":[{"embeddable":true,"href":"https:\/\/troykaoto.com.tr\/index.php\/wp-json\/wp\/v2\/users\/1"}],"replies":[{"embeddable":true,"href":"https:\/\/troykaoto.com.tr\/index.php\/wp-json\/wp\/v2\/comments?post=1408"}],"version-history":[{"count":28,"href":"https:\/\/troykaoto.com.tr\/index.php\/wp-json\/wp\/v2\/pages\/1408\/revisions"}],"predecessor-version":[{"id":3537,"href":"https:\/\/troykaoto.com.tr\/index.php\/wp-json\/wp\/v2\/pages\/1408\/revisions\/3537"}],"wp:attachment":[{"href":"https:\/\/troykaoto.com.tr\/index.php\/wp-json\/wp\/v2\/media?parent=1408"}],"curies":[{"name":"wp","href":"https:\/\/api.w.org\/{rel}","templated":true}]}}