{"id":13342,"date":"2026-04-17T08:35:19","date_gmt":"2026-04-17T05:35:19","guid":{"rendered":"https:\/\/troykaoto.com.tr\/?post_type=product&#038;p=13342"},"modified":"2026-04-17T12:17:20","modified_gmt":"2026-04-17T09:17:20","slug":"troykadan-2017-qashqaic-1-6-dci-platinum-premium-pack-makyajli","status":"publish","type":"product","link":"https:\/\/troykaoto.com.tr\/index.php\/product\/troykadan-2017-qashqaic-1-6-dci-platinum-premium-pack-makyajli\/","title":{"rendered":"TROYKA&#8217;DAN 2017 Qashqaic 1.6 DCI PLAT\u0130NUM PREM\u0130UM PACK MAKYAJLI"},"content":{"rendered":"<p style=\"text-align: center;\"><img src=\"https:\/\/i.hizliresim.com\/gbzL9L.jpg\" \/><\/p>\n<div>\n<div style=\"text-align: center;\">\n<div>\n<div>\n<div>\n<div>\n<div>\n<div>\n<div>\n<div>\n<div>\n<div>\n<div>\n<div>\n<div>\n<div>\n<div>\n<div>\n<div>\n<p><span style=\"color: #ff0000; font-family: arial black, sans-serif; font-size: x-large;\">\u200b2017 N\u0130SSAN Qashqaic 1.6 DCI PLAT\u0130NUM PREM\u0130UM PACK<\/span><\/p>\n<p><span style=\"color: #ff0000; font-family: arial black, sans-serif; font-size: x-large;\">MAKYAJLI KASA<\/span><\/p>\n<p><span style=\"color: #ff0000; font-family: arial black, sans-serif; font-size: x-large;\">KRED\u0130 KARTINA 12 TAKS\u0130T<\/span><\/p>\n<p><span style=\"color: #ff0000; font-family: arial black, sans-serif; font-size: x-large;\">MUAYENE YEN\u0130 YAPILDI<\/span><\/p>\n<div><b><span style=\"font-family: garamond, serif;\">__________________________________________<\/span><\/b><\/div>\n<div>\n<div><span style=\"font-family: garamond, serif;\"><b><u>&#8216; EKSPERT\u0130Z B\u0130LG\u0130S\u0130 &#8216;<\/u><u><br \/>\n<\/u><\/b><\/span><\/div>\n<div><span style=\"font-family: garamond, serif;\"><b>DE\u011e\u0130\u015eEN: YOK<\/b><\/span><\/div>\n<div><span style=\"font-family: garamond, serif;\"><b>BOYA: YOK<\/b><\/span><\/div>\n<div><span style=\"font-family: garamond, serif;\"><b>TRAMER: YOK<\/b><\/span><\/div>\n<div><span style=\"font-family: garamond, serif;\"><b>___________________________________________<\/b><\/span><\/div>\n<\/div>\n<div><b><u><span style=\"color: #ff0000; font-family: garamond, serif;\">&#8216; DONANIM \u00d6ZELL\u0130KLER\u0130 &#8216;<\/span><\/u><\/b><\/div>\n<div><b><br \/>\n<\/b><b><span style=\"font-family: arial black, sans-serif; font-size: small;\">CAM TAVAN<\/span><\/b><b><span style=\"font-family: arial black, sans-serif; font-size: small;\">TAM DER\u0130 KOLTUK<\/span><\/b><b><span style=\"font-family: arial black, sans-serif; font-size: small;\">\u00d6N KOLTUK ISITMA<\/span><\/b><b><span style=\"font-family: arial black, sans-serif; font-size: small;\">\u00d6N KOLTUK SO\u011eUTMA<\/span><\/b><\/p>\n<p><b><span style=\"font-family: arial black, sans-serif; font-size: small;\">ELEKTR\u0130KL\u0130 S\u00dcR\u00dcC\u00dc KOLTU\u011eU -HAFIZAL\u0131<\/span><\/b><\/p>\n<p><b><span style=\"font-family: arial black, sans-serif; font-size: small;\">\u00d6N YOLCU KOLTU\u011eU ELEKT\u0130R\u0130KL\u0130<\/span><\/b><\/p>\n<p><b><span style=\"font-family: arial black, sans-serif; font-size: small;\">\u015eER\u0130T TAK\u0130P<\/span><\/b><\/p>\n<p><b><span style=\"font-family: arial black, sans-serif; font-size: small;\">K\u00d6R NOKTA<\/span><\/b><\/p>\n<p><b><span style=\"font-family: arial black, sans-serif; font-size: small;\">\u00c7ARPI\u015eMA \u00d6NLEY\u0130C\u0130<\/span><\/b><\/p>\n<p><b><span style=\"font-family: arial black, sans-serif; font-size: small;\">HIZ SAB\u0130TLEME<\/span><\/b><\/p>\n<p><b><span style=\"font-family: arial black, sans-serif; font-size: small;\">\u00c7\u0130FT Y\u00d6NL\u00dc D\u0130J\u0130TAL KL\u0130MA<\/span><\/b><\/p>\n<p><b><span style=\"font-family: arial black, sans-serif; font-size: small;\">NAVIGASYON<\/span><\/b><\/p>\n<p><b><span style=\"font-family: arial black, sans-serif; font-size: small;\">GER\u0130 G\u00d6R\u00dc\u015e KAMERA<\/span><\/b><\/p>\n<p><b><span style=\"font-family: arial black, sans-serif; font-size: small;\">BLUETOOTH<\/span><\/b><\/p>\n<p><b><span style=\"font-family: arial black, sans-serif; font-size: small;\">AMB\u0130YANS AYDINLATMA<\/span><\/b><\/p>\n<p><b><span style=\"font-family: arial black, sans-serif; font-size: small;\">KATLANIR AYNA<\/span><\/b><\/p>\n<p><b><span style=\"font-family: arial black, sans-serif; font-size: small;\">ANAHTARSIZ G\u0130R\u0130\u015e ve \u00c7ALI\u015eTIRMA<\/span><\/b><\/p>\n<p><b><span style=\"font-family: arial black, sans-serif; font-size: small;\">FAR-YA\u011eMUR SENS\u00d6R\u00dc<\/span><\/b><\/p>\n<p><b><span style=\"font-family: arial black, sans-serif; font-size: small;\">\u00d6N ARKA PARK SENS\u00d6RLER\u0130<\/span><\/b><\/p>\n<\/div>\n<\/div>\n<\/div>\n<\/div>\n<\/div>\n<\/div>\n<\/div>\n<\/div>\n<\/div>\n<\/div>\n<\/div>\n<div>\n<div><\/div>\n<\/div>\n<div><span style=\"font-family: Helvetica Neue, Helvetica, Arial, sans-serif; font-size: medium;\"><b><span style=\"font-family: garamond, serif;\">SATI\u015eLARIMIZDA KRED\u0130 KARTI GE\u00c7ERL\u0130D\u0130R<\/span><\/b><\/span><\/div>\n<div><span style=\"font-family: Helvetica Neue, Helvetica, Arial, sans-serif; font-size: medium;\"><b><span style=\"font-family: garamond, serif;\">MOTORLU KARA TA\u015eITI T\u0130CARET\u0130 YETK\u0130 BELGE NO:\u00a00600408<\/span><\/b><\/span><\/div>\n<div><span style=\"font-family: Helvetica Neue, Helvetica, Arial, sans-serif; font-size: medium;\"><b><span style=\"font-family: garamond, serif;\">YEDEK ANAHTARI VE K\u0130TAP\u00c7IKLARI MEVCUTTUR<\/span><\/b><\/span><\/div>\n<div><span style=\"font-family: Helvetica Neue, Helvetica, Arial, sans-serif; font-size: medium;\"><b>___________________________________________<\/b><\/span><\/div>\n<div><span style=\"font-family: Helvetica Neue, Helvetica, Arial, sans-serif; font-size: medium;\"><b><span style=\"color: #ff0000; font-family: garamond, serif;\">CEV\u0130ZL\u0130DERE MAH.KONYA YOLU YILDIRIM KULE<\/span><\/b><\/span><\/div>\n<div><span style=\"font-family: Helvetica Neue, Helvetica, Arial, sans-serif; font-size: medium;\"><b><span style=\"color: #ff0000; font-family: garamond, serif;\">NO: 221\/134<\/span><\/b><\/span><\/div>\n<div><span style=\"font-family: Helvetica Neue, Helvetica, Arial, sans-serif; font-size: medium;\"><b><span style=\"font-family: garamond, serif; font-size: medium;\"><span style=\"color: #ff0000;\">\u00c7ANKAYA \/ ANKARA<\/span><\/span><\/b><\/span><\/div>\n<p><span style=\"font-family: Helvetica Neue, Helvetica, Arial, sans-serif; font-size: medium;\">\u00a0<\/span><\/p>\n<\/div>\n<\/div>\n<\/div>\n<\/div>\n<\/div>\n<\/div>\n<\/div>\n<\/div>\n<\/div>\n","protected":false},"excerpt":{"rendered":"<p>\u200b2017 N\u0130SSAN Qashqaic 1.6 DCI PLAT\u0130NUM PREM\u0130UM PACK MAKYAJLI KASA KRED\u0130 KARTINA 12 TAKS\u0130T MUAYENE YEN\u0130 YAPILDI __________________________________________ &#8216; EKSPERT\u0130Z B\u0130LG\u0130S\u0130 &#8216; DE\u011e\u0130\u015eEN: YOK BOYA: YOK TRAMER: YOK ___________________________________________ &#8216; DONANIM \u00d6ZELL\u0130KLER\u0130 &#8216; CAM TAVANTAM DER\u0130 KOLTUK\u00d6N KOLTUK ISITMA\u00d6N KOLTUK SO\u011eUTMA ELEKTR\u0130KL\u0130 S\u00dcR\u00dcC\u00dc KOLTU\u011eU -HAFIZAL\u0131 \u00d6N YOLCU KOLTU\u011eU ELEKT\u0130R\u0130KL\u0130 \u015eER\u0130T TAK\u0130P K\u00d6R NOKTA \u00c7ARPI\u015eMA \u00d6NLEY\u0130C\u0130 [&hellip;]<\/p>\n","protected":false},"featured_media":13366,"template":"","meta":[],"product_cat":[15],"product_tag":[],"yoast_head":"<!-- This site is optimized with the Yoast SEO plugin v18.5.1 - https:\/\/yoast.com\/wordpress\/plugins\/seo\/ -->\n<title>TROYKA&#039;DAN 2017 Qashqaic 1.6 DCI PLAT\u0130NUM PREM\u0130UM PACK MAKYAJLI - Troyka Oto<\/title>\n<meta name=\"robots\" content=\"index, follow, max-snippet:-1, max-image-preview:large, max-video-preview:-1\" \/>\n<link rel=\"canonical\" href=\"https:\/\/troykaoto.com.tr\/index.php\/product\/troykadan-2017-qashqaic-1-6-dci-platinum-premium-pack-makyajli\/\" \/>\n<meta property=\"og:locale\" content=\"tr_TR\" \/>\n<meta property=\"og:type\" content=\"article\" \/>\n<meta property=\"og:title\" content=\"TROYKA&#039;DAN 2017 Qashqaic 1.6 DCI PLAT\u0130NUM PREM\u0130UM PACK MAKYAJLI - Troyka Oto\" \/>\n<meta property=\"og:description\" content=\"\u200b2017 N\u0130SSAN Qashqaic 1.6 DCI PLAT\u0130NUM PREM\u0130UM PACK MAKYAJLI KASA KRED\u0130 KARTINA 12 TAKS\u0130T MUAYENE YEN\u0130 YAPILDI __________________________________________ &#8216; EKSPERT\u0130Z B\u0130LG\u0130S\u0130 &#8216; DE\u011e\u0130\u015eEN: YOK BOYA: YOK TRAMER: YOK ___________________________________________ &#8216; DONANIM \u00d6ZELL\u0130KLER\u0130 &#8216; CAM TAVANTAM DER\u0130 KOLTUK\u00d6N KOLTUK ISITMA\u00d6N KOLTUK SO\u011eUTMA ELEKTR\u0130KL\u0130 S\u00dcR\u00dcC\u00dc KOLTU\u011eU -HAFIZAL\u0131 \u00d6N YOLCU KOLTU\u011eU ELEKT\u0130R\u0130KL\u0130 \u015eER\u0130T TAK\u0130P K\u00d6R NOKTA \u00c7ARPI\u015eMA \u00d6NLEY\u0130C\u0130 [&hellip;]\" \/>\n<meta property=\"og:url\" content=\"https:\/\/troykaoto.com.tr\/index.php\/product\/troykadan-2017-qashqaic-1-6-dci-platinum-premium-pack-makyajli\/\" \/>\n<meta property=\"og:site_name\" content=\"Troyka Oto\" \/>\n<meta property=\"article:modified_time\" content=\"2026-04-17T09:17:20+00:00\" \/>\n<meta property=\"og:image\" content=\"http:\/\/troykaoto.com.tr\/wp-content\/uploads\/2026\/01\/f9acd402-1031-4cd4-ab34-5275f2aa77b7.jpg\" \/>\n\t<meta property=\"og:image:width\" content=\"2048\" \/>\n\t<meta property=\"og:image:height\" content=\"1536\" \/>\n\t<meta property=\"og:image:type\" content=\"image\/jpeg\" \/>\n<meta name=\"twitter:card\" content=\"summary_large_image\" \/>\n<meta name=\"twitter:label1\" content=\"Tahmini okuma s\u00fcresi\" \/>\n\t<meta name=\"twitter:data1\" content=\"1 dakika\" \/>\n<script type=\"application\/ld+json\" class=\"yoast-schema-graph\">{\"@context\":\"https:\/\/schema.org\",\"@graph\":[{\"@type\":\"WebSite\",\"@id\":\"https:\/\/troykaoto.com.tr\/#website\",\"url\":\"https:\/\/troykaoto.com.tr\/\",\"name\":\"Troyka Oto\",\"description\":\"Her Marka 2. El-S\u0131f\u0131r Ara\u00e7lar\",\"potentialAction\":[{\"@type\":\"SearchAction\",\"target\":{\"@type\":\"EntryPoint\",\"urlTemplate\":\"https:\/\/troykaoto.com.tr\/?s={search_term_string}\"},\"query-input\":\"required name=search_term_string\"}],\"inLanguage\":\"tr\"},{\"@type\":\"ImageObject\",\"@id\":\"https:\/\/troykaoto.com.tr\/index.php\/product\/troykadan-2017-qashqaic-1-6-dci-platinum-premium-pack-makyajli\/#primaryimage\",\"inLanguage\":\"tr\",\"url\":\"https:\/\/troykaoto.com.tr\/wp-content\/uploads\/2026\/01\/f9acd402-1031-4cd4-ab34-5275f2aa77b7.jpg\",\"contentUrl\":\"https:\/\/troykaoto.com.tr\/wp-content\/uploads\/2026\/01\/f9acd402-1031-4cd4-ab34-5275f2aa77b7.jpg\",\"width\":2048,\"height\":1536},{\"@type\":\"WebPage\",\"@id\":\"https:\/\/troykaoto.com.tr\/index.php\/product\/troykadan-2017-qashqaic-1-6-dci-platinum-premium-pack-makyajli\/#webpage\",\"url\":\"https:\/\/troykaoto.com.tr\/index.php\/product\/troykadan-2017-qashqaic-1-6-dci-platinum-premium-pack-makyajli\/\",\"name\":\"TROYKA'DAN 2017 Qashqaic 1.6 DCI PLAT\u0130NUM PREM\u0130UM PACK MAKYAJLI - Troyka Oto\",\"isPartOf\":{\"@id\":\"https:\/\/troykaoto.com.tr\/#website\"},\"primaryImageOfPage\":{\"@id\":\"https:\/\/troykaoto.com.tr\/index.php\/product\/troykadan-2017-qashqaic-1-6-dci-platinum-premium-pack-makyajli\/#primaryimage\"},\"datePublished\":\"2026-04-17T05:35:19+00:00\",\"dateModified\":\"2026-04-17T09:17:20+00:00\",\"breadcrumb\":{\"@id\":\"https:\/\/troykaoto.com.tr\/index.php\/product\/troykadan-2017-qashqaic-1-6-dci-platinum-premium-pack-makyajli\/#breadcrumb\"},\"inLanguage\":\"tr\",\"potentialAction\":[{\"@type\":\"ReadAction\",\"target\":[\"https:\/\/troykaoto.com.tr\/index.php\/product\/troykadan-2017-qashqaic-1-6-dci-platinum-premium-pack-makyajli\/\"]}]},{\"@type\":\"BreadcrumbList\",\"@id\":\"https:\/\/troykaoto.com.tr\/index.php\/product\/troykadan-2017-qashqaic-1-6-dci-platinum-premium-pack-makyajli\/#breadcrumb\",\"itemListElement\":[{\"@type\":\"ListItem\",\"position\":1,\"name\":\"Ana sayfa\",\"item\":\"https:\/\/troykaoto.com.tr\/\"},{\"@type\":\"ListItem\",\"position\":2,\"name\":\"Ma\u011faza\",\"item\":\"https:\/\/troykaoto.com.tr\/index.php\/magaza\/\"},{\"@type\":\"ListItem\",\"position\":3,\"name\":\"TROYKA&#8217;DAN 2017 Qashqaic 1.6 DCI PLAT\u0130NUM PREM\u0130UM PACK MAKYAJLI\"}]}]}<\/script>\n<!-- \/ Yoast SEO plugin. -->","yoast_head_json":{"title":"TROYKA'DAN 2017 Qashqaic 1.6 DCI PLAT\u0130NUM PREM\u0130UM PACK MAKYAJLI - Troyka Oto","robots":{"index":"index","follow":"follow","max-snippet":"max-snippet:-1","max-image-preview":"max-image-preview:large","max-video-preview":"max-video-preview:-1"},"canonical":"https:\/\/troykaoto.com.tr\/index.php\/product\/troykadan-2017-qashqaic-1-6-dci-platinum-premium-pack-makyajli\/","og_locale":"tr_TR","og_type":"article","og_title":"TROYKA'DAN 2017 Qashqaic 1.6 DCI PLAT\u0130NUM PREM\u0130UM PACK MAKYAJLI - Troyka Oto","og_description":"\u200b2017 N\u0130SSAN Qashqaic 1.6 DCI PLAT\u0130NUM PREM\u0130UM PACK MAKYAJLI KASA KRED\u0130 KARTINA 12 TAKS\u0130T MUAYENE YEN\u0130 YAPILDI __________________________________________ &#8216; EKSPERT\u0130Z B\u0130LG\u0130S\u0130 &#8216; DE\u011e\u0130\u015eEN: YOK BOYA: YOK TRAMER: YOK ___________________________________________ &#8216; DONANIM \u00d6ZELL\u0130KLER\u0130 &#8216; CAM TAVANTAM DER\u0130 KOLTUK\u00d6N KOLTUK ISITMA\u00d6N KOLTUK SO\u011eUTMA ELEKTR\u0130KL\u0130 S\u00dcR\u00dcC\u00dc KOLTU\u011eU -HAFIZAL\u0131 \u00d6N YOLCU KOLTU\u011eU ELEKT\u0130R\u0130KL\u0130 \u015eER\u0130T TAK\u0130P K\u00d6R NOKTA \u00c7ARPI\u015eMA \u00d6NLEY\u0130C\u0130 [&hellip;]","og_url":"https:\/\/troykaoto.com.tr\/index.php\/product\/troykadan-2017-qashqaic-1-6-dci-platinum-premium-pack-makyajli\/","og_site_name":"Troyka Oto","article_modified_time":"2026-04-17T09:17:20+00:00","og_image":[{"width":2048,"height":1536,"url":"http:\/\/troykaoto.com.tr\/wp-content\/uploads\/2026\/01\/f9acd402-1031-4cd4-ab34-5275f2aa77b7.jpg","type":"image\/jpeg"}],"twitter_card":"summary_large_image","twitter_misc":{"Tahmini okuma s\u00fcresi":"1 dakika"},"schema":{"@context":"https:\/\/schema.org","@graph":[{"@type":"WebSite","@id":"https:\/\/troykaoto.com.tr\/#website","url":"https:\/\/troykaoto.com.tr\/","name":"Troyka Oto","description":"Her Marka 2. El-S\u0131f\u0131r Ara\u00e7lar","potentialAction":[{"@type":"SearchAction","target":{"@type":"EntryPoint","urlTemplate":"https:\/\/troykaoto.com.tr\/?s={search_term_string}"},"query-input":"required name=search_term_string"}],"inLanguage":"tr"},{"@type":"ImageObject","@id":"https:\/\/troykaoto.com.tr\/index.php\/product\/troykadan-2017-qashqaic-1-6-dci-platinum-premium-pack-makyajli\/#primaryimage","inLanguage":"tr","url":"https:\/\/troykaoto.com.tr\/wp-content\/uploads\/2026\/01\/f9acd402-1031-4cd4-ab34-5275f2aa77b7.jpg","contentUrl":"https:\/\/troykaoto.com.tr\/wp-content\/uploads\/2026\/01\/f9acd402-1031-4cd4-ab34-5275f2aa77b7.jpg","width":2048,"height":1536},{"@type":"WebPage","@id":"https:\/\/troykaoto.com.tr\/index.php\/product\/troykadan-2017-qashqaic-1-6-dci-platinum-premium-pack-makyajli\/#webpage","url":"https:\/\/troykaoto.com.tr\/index.php\/product\/troykadan-2017-qashqaic-1-6-dci-platinum-premium-pack-makyajli\/","name":"TROYKA'DAN 2017 Qashqaic 1.6 DCI PLAT\u0130NUM PREM\u0130UM PACK MAKYAJLI - Troyka Oto","isPartOf":{"@id":"https:\/\/troykaoto.com.tr\/#website"},"primaryImageOfPage":{"@id":"https:\/\/troykaoto.com.tr\/index.php\/product\/troykadan-2017-qashqaic-1-6-dci-platinum-premium-pack-makyajli\/#primaryimage"},"datePublished":"2026-04-17T05:35:19+00:00","dateModified":"2026-04-17T09:17:20+00:00","breadcrumb":{"@id":"https:\/\/troykaoto.com.tr\/index.php\/product\/troykadan-2017-qashqaic-1-6-dci-platinum-premium-pack-makyajli\/#breadcrumb"},"inLanguage":"tr","potentialAction":[{"@type":"ReadAction","target":["https:\/\/troykaoto.com.tr\/index.php\/product\/troykadan-2017-qashqaic-1-6-dci-platinum-premium-pack-makyajli\/"]}]},{"@type":"BreadcrumbList","@id":"https:\/\/troykaoto.com.tr\/index.php\/product\/troykadan-2017-qashqaic-1-6-dci-platinum-premium-pack-makyajli\/#breadcrumb","itemListElement":[{"@type":"ListItem","position":1,"name":"Ana sayfa","item":"https:\/\/troykaoto.com.tr\/"},{"@type":"ListItem","position":2,"name":"Ma\u011faza","item":"https:\/\/troykaoto.com.tr\/index.php\/magaza\/"},{"@type":"ListItem","position":3,"name":"TROYKA&#8217;DAN 2017 Qashqaic 1.6 DCI PLAT\u0130NUM PREM\u0130UM PACK MAKYAJLI"}]}]}},"_links":{"self":[{"href":"https:\/\/troykaoto.com.tr\/index.php\/wp-json\/wp\/v2\/product\/13342"}],"collection":[{"href":"https:\/\/troykaoto.com.tr\/index.php\/wp-json\/wp\/v2\/product"}],"about":[{"href":"https:\/\/troykaoto.com.tr\/index.php\/wp-json\/wp\/v2\/types\/product"}],"wp:featuredmedia":[{"embeddable":true,"href":"https:\/\/troykaoto.com.tr\/index.php\/wp-json\/wp\/v2\/media\/13366"}],"wp:attachment":[{"href":"https:\/\/troykaoto.com.tr\/index.php\/wp-json\/wp\/v2\/media?parent=13342"}],"wp:term":[{"taxonomy":"product_cat","embeddable":true,"href":"https:\/\/troykaoto.com.tr\/index.php\/wp-json\/wp\/v2\/product_cat?post=13342"},{"taxonomy":"product_tag","embeddable":true,"href":"https:\/\/troykaoto.com.tr\/index.php\/wp-json\/wp\/v2\/product_tag?post=13342"}],"curies":[{"name":"wp","href":"https:\/\/api.w.org\/{rel}","templated":true}]}}