{"id":13767,"date":"2026-04-17T15:15:57","date_gmt":"2026-04-17T12:15:57","guid":{"rendered":"https:\/\/troykaoto.com.tr\/?post_type=product&#038;p=13767"},"modified":"2026-04-17T12:09:10","modified_gmt":"2026-04-17T09:09:10","slug":"troykadan-2024-volkswagen-golf-1-0-etsi-life-otomatik","status":"publish","type":"product","link":"https:\/\/troykaoto.com.tr\/index.php\/product\/troykadan-2024-volkswagen-golf-1-0-etsi-life-otomatik\/","title":{"rendered":"TROYKA&#8217;DAN 2024 VOLKSWAGEN GOLF 1.0 eTS\u0130 L\u0130FE OTOMAT\u0130K"},"content":{"rendered":"<p style=\"text-align: center;\"><img src=\"https:\/\/i.hizliresim.com\/gbzL9L.jpg\" \/><\/p>\n<div>\n<div style=\"text-align: center;\">\n<div>\n<div>\n<div>\n<div>\n<div>\n<div>\n<div>\n<div>\n<div>\n<div>\n<div>\n<div>\n<div>\n<div>\n<div>\n<div>\n<div>\n<p><span style=\"color: #ff0000; font-family: arial black, sans-serif; font-size: x-large;\">2024 VOLKSWAGEN GOLF 1.0 eTS\u0130 L\u0130FE OTOMAT\u0130K<\/span><\/p>\n<p><span style=\"color: #ff0000; font-family: arial black, sans-serif; font-size: x-large;\">KRED\u0130 KARTINA 12 TAKS\u0130T<\/span><\/p>\n<div><b><span style=\"font-family: garamond, serif;\">___________________________________________<\/span><\/b><\/div>\n<div>\n<div><span style=\"font-family: garamond, serif;\"><b><u>&#8216; EKSPERT\u0130Z B\u0130LG\u0130S\u0130 &#8216;<\/u><\/b><\/span><\/div>\n<div>\n<p>&nbsp;<\/p>\n<div>\n<div><span style=\"font-family: garamond, serif;\"><b>DE\u011e\u0130\u015eEN: SA\u011e \u00d6N \u00c7AMURLUK<\/b><\/span><\/div>\n<div><span style=\"font-family: garamond, serif;\"><b>BOYA: YOK<\/b><\/span><\/div>\n<div><span style=\"font-family: garamond, serif;\"><b>TRAMER: 28.168 TL<\/b><\/span><\/div>\n<div><span style=\"font-family: garamond, serif;\"><b>___________________________________________<\/b><\/span><\/div>\n<\/div>\n<div><b><u><span style=\"color: #ff0000; font-family: garamond, serif;\">&#8216; DONANIM \u00d6ZELL\u0130KLER\u0130 &#8216;<\/span><\/u><\/b><\/div>\n<\/div>\n<div>\n<p><b><\/b><span style=\"font-family: arial black, sans-serif; font-size: x-large;\"><b><span style=\"font-family: verdana, sans-serif; font-size: medium;\">FONKS\u0130YONEL D\u0130REKS\u0130YON<\/span><\/b><\/span><\/p>\n<p><span style=\"font-family: arial black, sans-serif; font-size: x-large;\"><b><span style=\"font-family: verdana, sans-serif; font-size: medium;\">\u00d6N KOLTUK ISITMA<br \/>\n<\/span><\/b><\/span><\/p>\n<p><span style=\"font-family: arial black, sans-serif; font-size: x-large;\"><b><span style=\"font-family: verdana, sans-serif; font-size: medium;\">D\u0130REKS\u0130YON ISITMA<\/span><\/b><\/span><\/p>\n<p><span style=\"font-family: arial black, sans-serif; font-size: x-large;\"><b><span style=\"font-family: verdana, sans-serif; font-size: medium;\">ANAHTARSIZ G\u0130R\u0130\u015e &amp; \u00c7IKI\u015e<\/span><\/b><\/span><\/p>\n<p>\u00c7\u0130FT Y\u00d6NL\u00dc D\u0130J\u0130TAL KL\u0130MA<\/p>\n<p><span style=\"font-family: arial black, sans-serif; font-size: x-large;\"><b><span style=\"font-family: verdana, sans-serif; font-size: medium;\">HAYALET G\u00d6STERGE<\/span><\/b><\/span><\/p>\n<p><span style=\"font-family: arial black, sans-serif; font-size: x-large;\"><b><span style=\"font-family: verdana, sans-serif; font-size: medium;\">GER\u0130 G\u00d6R\u00dc\u015e KAMERA<br \/>\n<\/span><\/b><\/span><\/p>\n<p><span style=\"font-family: arial black, sans-serif; font-size: x-large;\"><b><span style=\"font-family: verdana, sans-serif; font-size: medium;\">KABLOSUZ SARJ<br \/>\nAPPLE CAR PLAY<br \/>\nANDRO\u0130D AUTO<br \/>\nDOKUNMAT\u0130K GEN\u0130\u015e EKRAN<br \/>\n17&#8221; JANT<br \/>\nELEKTRKL\u0130 KATLANIR AYNA<br \/>\nFONKS\u0130YONEL D\u0130REKS\u0130YON<br \/>\nANAHTARSIZ \u00c7ALISTIRMA<br \/>\nLED XENON FARLAR<br \/>\nISITMALI KATLANIR AYNALAR<br \/>\nFAR SENS\u00d6R\u00dc<br \/>\nYA\u011eMUR SENS\u00d6R\u00dc<br \/>\nYORGUNLUK ALGILAMA S\u0130STEM\u0130<br \/>\nCRU\u0130SE CONTROL<br \/>\nHIZ SAB\u0130TLEY\u0130C\u0130<br \/>\nBLUETOOTH TELEFON<\/span><\/b><\/span><\/p>\n<p><span style=\"font-family: arial black, sans-serif; font-size: x-large;\"><b><span style=\"font-family: verdana, sans-serif; font-size: medium;\">START- STOP<\/span><\/b><\/span><\/p>\n<div>\n<div><span style=\"font-family: arial black, sans-serif; font-size: x-large;\"><b><u>&#8212;&#8212;&#8212;&#8212;&#8212;&#8212;&#8212;&#8212;&#8212;&#8212;&#8212;&#8212;&#8212;&#8212;&#8212;&#8212;&#8212;&#8211;<\/u><\/b><\/span><\/div>\n<\/div>\n<\/div>\n<\/div>\n<\/div>\n<\/div>\n<\/div>\n<\/div>\n<\/div>\n<\/div>\n<\/div>\n<\/div>\n<\/div>\n<\/div>\n<div>\n<div>\n<div>\n<div><b><span style=\"font-family: garamond, serif;\">__________________________________________<\/span><\/b><\/div>\n<div><b><span style=\"font-family: garamond, serif;\">SATI\u015eLARIMIZDA KRED\u0130 KARTI GE\u00c7ERL\u0130D\u0130R<\/span><\/b><\/div>\n<div><b><span style=\"font-family: garamond, serif;\">MOTORLU KARA TA\u015eITI T\u0130CARET\u0130 YETK\u0130 BELGE NO:\u00a00600408<\/span><\/b><\/div>\n<div><b><span style=\"font-family: garamond, serif;\">YEDEK ANAHTARI VE K\u0130TAP\u00c7IKLARI MEVCUTTUR<\/span><\/b><\/div>\n<div><b>___________________________________________<\/b><\/div>\n<div><b><span style=\"color: #ff0000; font-family: garamond, serif;\">CEV\u0130ZL\u0130DERE MAH.KONYA YOLU YILDIRIM KULE<\/span><\/b><\/div>\n<div><b><span style=\"color: #ff0000; font-family: garamond, serif;\">NO: 221\/134<\/span><\/b><\/div>\n<div><span style=\"font-family: garamond, serif; font-size: medium;\"><b><span style=\"color: #ff0000;\">\u00c7ANKAYA \/ ANKARA<\/span><\/b><\/span><\/div>\n<\/div>\n<\/div>\n<\/div>\n<p><span style=\"font-family: Helvetica Neue, Helvetica, Arial, sans-serif; font-size: medium;\">\u00a0<\/span><\/p>\n<\/div>\n<\/div>\n<\/div>\n<\/div>\n<\/div>\n<\/div>\n<\/div>\n<\/div>\n<\/div>\n","protected":false},"excerpt":{"rendered":"<p>2024 VOLKSWAGEN GOLF 1.0 eTS\u0130 L\u0130FE OTOMAT\u0130K KRED\u0130 KARTINA 12 TAKS\u0130T ___________________________________________ &#8216; EKSPERT\u0130Z B\u0130LG\u0130S\u0130 &#8216; &nbsp; DE\u011e\u0130\u015eEN: SA\u011e \u00d6N \u00c7AMURLUK BOYA: YOK TRAMER: 28.168 TL ___________________________________________ &#8216; DONANIM \u00d6ZELL\u0130KLER\u0130 &#8216; FONKS\u0130YONEL D\u0130REKS\u0130YON \u00d6N KOLTUK ISITMA D\u0130REKS\u0130YON ISITMA ANAHTARSIZ G\u0130R\u0130\u015e &amp; \u00c7IKI\u015e \u00c7\u0130FT Y\u00d6NL\u00dc D\u0130J\u0130TAL KL\u0130MA HAYALET G\u00d6STERGE GER\u0130 G\u00d6R\u00dc\u015e KAMERA KABLOSUZ SARJ APPLE CAR [&hellip;]<\/p>\n","protected":false},"featured_media":13780,"template":"","meta":[],"product_cat":[15],"product_tag":[],"yoast_head":"<!-- This site is optimized with the Yoast SEO plugin v18.5.1 - https:\/\/yoast.com\/wordpress\/plugins\/seo\/ -->\n<title>TROYKA&#039;DAN 2024 VOLKSWAGEN GOLF 1.0 eTS\u0130 L\u0130FE OTOMAT\u0130K - Troyka Oto<\/title>\n<meta name=\"robots\" content=\"index, follow, max-snippet:-1, max-image-preview:large, max-video-preview:-1\" \/>\n<link rel=\"canonical\" href=\"https:\/\/troykaoto.com.tr\/index.php\/product\/troykadan-2024-volkswagen-golf-1-0-etsi-life-otomatik\/\" \/>\n<meta property=\"og:locale\" content=\"tr_TR\" \/>\n<meta property=\"og:type\" content=\"article\" \/>\n<meta property=\"og:title\" content=\"TROYKA&#039;DAN 2024 VOLKSWAGEN GOLF 1.0 eTS\u0130 L\u0130FE OTOMAT\u0130K - Troyka Oto\" \/>\n<meta property=\"og:description\" content=\"2024 VOLKSWAGEN GOLF 1.0 eTS\u0130 L\u0130FE OTOMAT\u0130K KRED\u0130 KARTINA 12 TAKS\u0130T ___________________________________________ &#8216; EKSPERT\u0130Z B\u0130LG\u0130S\u0130 &#8216; &nbsp; DE\u011e\u0130\u015eEN: SA\u011e \u00d6N \u00c7AMURLUK BOYA: YOK TRAMER: 28.168 TL ___________________________________________ &#8216; DONANIM \u00d6ZELL\u0130KLER\u0130 &#8216; FONKS\u0130YONEL D\u0130REKS\u0130YON \u00d6N KOLTUK ISITMA D\u0130REKS\u0130YON ISITMA ANAHTARSIZ G\u0130R\u0130\u015e &amp; \u00c7IKI\u015e \u00c7\u0130FT Y\u00d6NL\u00dc D\u0130J\u0130TAL KL\u0130MA HAYALET G\u00d6STERGE GER\u0130 G\u00d6R\u00dc\u015e KAMERA KABLOSUZ SARJ APPLE CAR [&hellip;]\" \/>\n<meta property=\"og:url\" content=\"https:\/\/troykaoto.com.tr\/index.php\/product\/troykadan-2024-volkswagen-golf-1-0-etsi-life-otomatik\/\" \/>\n<meta property=\"og:site_name\" content=\"Troyka Oto\" \/>\n<meta property=\"article:modified_time\" content=\"2026-04-17T09:09:10+00:00\" \/>\n<meta property=\"og:image\" content=\"https:\/\/troykaoto.com.tr\/wp-content\/uploads\/2026\/03\/3449b84f-0f7a-4693-8c4a-db0ddd7056d1.jpg\" \/>\n\t<meta property=\"og:image:width\" content=\"2048\" \/>\n\t<meta property=\"og:image:height\" content=\"1536\" \/>\n\t<meta property=\"og:image:type\" content=\"image\/jpeg\" \/>\n<meta name=\"twitter:card\" content=\"summary_large_image\" \/>\n<meta name=\"twitter:label1\" content=\"Tahmini okuma s\u00fcresi\" \/>\n\t<meta name=\"twitter:data1\" content=\"1 dakika\" \/>\n<script type=\"application\/ld+json\" class=\"yoast-schema-graph\">{\"@context\":\"https:\/\/schema.org\",\"@graph\":[{\"@type\":\"WebSite\",\"@id\":\"https:\/\/troykaoto.com.tr\/#website\",\"url\":\"https:\/\/troykaoto.com.tr\/\",\"name\":\"Troyka Oto\",\"description\":\"Her Marka 2. El-S\u0131f\u0131r Ara\u00e7lar\",\"potentialAction\":[{\"@type\":\"SearchAction\",\"target\":{\"@type\":\"EntryPoint\",\"urlTemplate\":\"https:\/\/troykaoto.com.tr\/?s={search_term_string}\"},\"query-input\":\"required name=search_term_string\"}],\"inLanguage\":\"tr\"},{\"@type\":\"ImageObject\",\"@id\":\"https:\/\/troykaoto.com.tr\/index.php\/product\/troykadan-2024-volkswagen-golf-1-0-etsi-life-otomatik\/#primaryimage\",\"inLanguage\":\"tr\",\"url\":\"https:\/\/troykaoto.com.tr\/wp-content\/uploads\/2026\/03\/3449b84f-0f7a-4693-8c4a-db0ddd7056d1.jpg\",\"contentUrl\":\"https:\/\/troykaoto.com.tr\/wp-content\/uploads\/2026\/03\/3449b84f-0f7a-4693-8c4a-db0ddd7056d1.jpg\",\"width\":2048,\"height\":1536},{\"@type\":\"WebPage\",\"@id\":\"https:\/\/troykaoto.com.tr\/index.php\/product\/troykadan-2024-volkswagen-golf-1-0-etsi-life-otomatik\/#webpage\",\"url\":\"https:\/\/troykaoto.com.tr\/index.php\/product\/troykadan-2024-volkswagen-golf-1-0-etsi-life-otomatik\/\",\"name\":\"TROYKA'DAN 2024 VOLKSWAGEN GOLF 1.0 eTS\u0130 L\u0130FE OTOMAT\u0130K - Troyka Oto\",\"isPartOf\":{\"@id\":\"https:\/\/troykaoto.com.tr\/#website\"},\"primaryImageOfPage\":{\"@id\":\"https:\/\/troykaoto.com.tr\/index.php\/product\/troykadan-2024-volkswagen-golf-1-0-etsi-life-otomatik\/#primaryimage\"},\"datePublished\":\"2026-04-17T12:15:57+00:00\",\"dateModified\":\"2026-04-17T09:09:10+00:00\",\"breadcrumb\":{\"@id\":\"https:\/\/troykaoto.com.tr\/index.php\/product\/troykadan-2024-volkswagen-golf-1-0-etsi-life-otomatik\/#breadcrumb\"},\"inLanguage\":\"tr\",\"potentialAction\":[{\"@type\":\"ReadAction\",\"target\":[\"https:\/\/troykaoto.com.tr\/index.php\/product\/troykadan-2024-volkswagen-golf-1-0-etsi-life-otomatik\/\"]}]},{\"@type\":\"BreadcrumbList\",\"@id\":\"https:\/\/troykaoto.com.tr\/index.php\/product\/troykadan-2024-volkswagen-golf-1-0-etsi-life-otomatik\/#breadcrumb\",\"itemListElement\":[{\"@type\":\"ListItem\",\"position\":1,\"name\":\"Ana sayfa\",\"item\":\"https:\/\/troykaoto.com.tr\/\"},{\"@type\":\"ListItem\",\"position\":2,\"name\":\"Ma\u011faza\",\"item\":\"https:\/\/troykaoto.com.tr\/index.php\/magaza\/\"},{\"@type\":\"ListItem\",\"position\":3,\"name\":\"TROYKA&#8217;DAN 2024 VOLKSWAGEN GOLF 1.0 eTS\u0130 L\u0130FE OTOMAT\u0130K\"}]}]}<\/script>\n<!-- \/ Yoast SEO plugin. -->","yoast_head_json":{"title":"TROYKA'DAN 2024 VOLKSWAGEN GOLF 1.0 eTS\u0130 L\u0130FE OTOMAT\u0130K - Troyka Oto","robots":{"index":"index","follow":"follow","max-snippet":"max-snippet:-1","max-image-preview":"max-image-preview:large","max-video-preview":"max-video-preview:-1"},"canonical":"https:\/\/troykaoto.com.tr\/index.php\/product\/troykadan-2024-volkswagen-golf-1-0-etsi-life-otomatik\/","og_locale":"tr_TR","og_type":"article","og_title":"TROYKA'DAN 2024 VOLKSWAGEN GOLF 1.0 eTS\u0130 L\u0130FE OTOMAT\u0130K - Troyka Oto","og_description":"2024 VOLKSWAGEN GOLF 1.0 eTS\u0130 L\u0130FE OTOMAT\u0130K KRED\u0130 KARTINA 12 TAKS\u0130T ___________________________________________ &#8216; EKSPERT\u0130Z B\u0130LG\u0130S\u0130 &#8216; &nbsp; DE\u011e\u0130\u015eEN: SA\u011e \u00d6N \u00c7AMURLUK BOYA: YOK TRAMER: 28.168 TL ___________________________________________ &#8216; DONANIM \u00d6ZELL\u0130KLER\u0130 &#8216; FONKS\u0130YONEL D\u0130REKS\u0130YON \u00d6N KOLTUK ISITMA D\u0130REKS\u0130YON ISITMA ANAHTARSIZ G\u0130R\u0130\u015e &amp; \u00c7IKI\u015e \u00c7\u0130FT Y\u00d6NL\u00dc D\u0130J\u0130TAL KL\u0130MA HAYALET G\u00d6STERGE GER\u0130 G\u00d6R\u00dc\u015e KAMERA KABLOSUZ SARJ APPLE CAR [&hellip;]","og_url":"https:\/\/troykaoto.com.tr\/index.php\/product\/troykadan-2024-volkswagen-golf-1-0-etsi-life-otomatik\/","og_site_name":"Troyka Oto","article_modified_time":"2026-04-17T09:09:10+00:00","og_image":[{"width":2048,"height":1536,"url":"https:\/\/troykaoto.com.tr\/wp-content\/uploads\/2026\/03\/3449b84f-0f7a-4693-8c4a-db0ddd7056d1.jpg","type":"image\/jpeg"}],"twitter_card":"summary_large_image","twitter_misc":{"Tahmini okuma s\u00fcresi":"1 dakika"},"schema":{"@context":"https:\/\/schema.org","@graph":[{"@type":"WebSite","@id":"https:\/\/troykaoto.com.tr\/#website","url":"https:\/\/troykaoto.com.tr\/","name":"Troyka Oto","description":"Her Marka 2. El-S\u0131f\u0131r Ara\u00e7lar","potentialAction":[{"@type":"SearchAction","target":{"@type":"EntryPoint","urlTemplate":"https:\/\/troykaoto.com.tr\/?s={search_term_string}"},"query-input":"required name=search_term_string"}],"inLanguage":"tr"},{"@type":"ImageObject","@id":"https:\/\/troykaoto.com.tr\/index.php\/product\/troykadan-2024-volkswagen-golf-1-0-etsi-life-otomatik\/#primaryimage","inLanguage":"tr","url":"https:\/\/troykaoto.com.tr\/wp-content\/uploads\/2026\/03\/3449b84f-0f7a-4693-8c4a-db0ddd7056d1.jpg","contentUrl":"https:\/\/troykaoto.com.tr\/wp-content\/uploads\/2026\/03\/3449b84f-0f7a-4693-8c4a-db0ddd7056d1.jpg","width":2048,"height":1536},{"@type":"WebPage","@id":"https:\/\/troykaoto.com.tr\/index.php\/product\/troykadan-2024-volkswagen-golf-1-0-etsi-life-otomatik\/#webpage","url":"https:\/\/troykaoto.com.tr\/index.php\/product\/troykadan-2024-volkswagen-golf-1-0-etsi-life-otomatik\/","name":"TROYKA'DAN 2024 VOLKSWAGEN GOLF 1.0 eTS\u0130 L\u0130FE OTOMAT\u0130K - Troyka Oto","isPartOf":{"@id":"https:\/\/troykaoto.com.tr\/#website"},"primaryImageOfPage":{"@id":"https:\/\/troykaoto.com.tr\/index.php\/product\/troykadan-2024-volkswagen-golf-1-0-etsi-life-otomatik\/#primaryimage"},"datePublished":"2026-04-17T12:15:57+00:00","dateModified":"2026-04-17T09:09:10+00:00","breadcrumb":{"@id":"https:\/\/troykaoto.com.tr\/index.php\/product\/troykadan-2024-volkswagen-golf-1-0-etsi-life-otomatik\/#breadcrumb"},"inLanguage":"tr","potentialAction":[{"@type":"ReadAction","target":["https:\/\/troykaoto.com.tr\/index.php\/product\/troykadan-2024-volkswagen-golf-1-0-etsi-life-otomatik\/"]}]},{"@type":"BreadcrumbList","@id":"https:\/\/troykaoto.com.tr\/index.php\/product\/troykadan-2024-volkswagen-golf-1-0-etsi-life-otomatik\/#breadcrumb","itemListElement":[{"@type":"ListItem","position":1,"name":"Ana sayfa","item":"https:\/\/troykaoto.com.tr\/"},{"@type":"ListItem","position":2,"name":"Ma\u011faza","item":"https:\/\/troykaoto.com.tr\/index.php\/magaza\/"},{"@type":"ListItem","position":3,"name":"TROYKA&#8217;DAN 2024 VOLKSWAGEN GOLF 1.0 eTS\u0130 L\u0130FE OTOMAT\u0130K"}]}]}},"_links":{"self":[{"href":"https:\/\/troykaoto.com.tr\/index.php\/wp-json\/wp\/v2\/product\/13767"}],"collection":[{"href":"https:\/\/troykaoto.com.tr\/index.php\/wp-json\/wp\/v2\/product"}],"about":[{"href":"https:\/\/troykaoto.com.tr\/index.php\/wp-json\/wp\/v2\/types\/product"}],"wp:featuredmedia":[{"embeddable":true,"href":"https:\/\/troykaoto.com.tr\/index.php\/wp-json\/wp\/v2\/media\/13780"}],"wp:attachment":[{"href":"https:\/\/troykaoto.com.tr\/index.php\/wp-json\/wp\/v2\/media?parent=13767"}],"wp:term":[{"taxonomy":"product_cat","embeddable":true,"href":"https:\/\/troykaoto.com.tr\/index.php\/wp-json\/wp\/v2\/product_cat?post=13767"},{"taxonomy":"product_tag","embeddable":true,"href":"https:\/\/troykaoto.com.tr\/index.php\/wp-json\/wp\/v2\/product_tag?post=13767"}],"curies":[{"name":"wp","href":"https:\/\/api.w.org\/{rel}","templated":true}]}}