{"id":13986,"date":"2026-04-17T12:19:25","date_gmt":"2026-04-17T09:19:25","guid":{"rendered":"https:\/\/troykaoto.com.tr\/?post_type=product&#038;p=13986"},"modified":"2026-04-17T12:34:03","modified_gmt":"2026-04-17T09:34:03","slug":"troykadan-2020-bmw-520i-luxury-line-vakum-hayalet-elk-bagaj","status":"publish","type":"product","link":"https:\/\/troykaoto.com.tr\/index.php\/product\/troykadan-2020-bmw-520i-luxury-line-vakum-hayalet-elk-bagaj\/","title":{"rendered":"TROYKA&#8217;DAN 2020 BMW 520\u0130 LUXURY L\u0130NE VAKUM-HAYALET-ELK BAGAJ"},"content":{"rendered":"<p style=\"text-align: center;\"><img src=\"https:\/\/i.hizliresim.com\/gbzL9L.jpg\" \/><\/p>\n<div>\n<div style=\"text-align: center;\">\n<div>\n<div>\n<div>\n<div>\n<div>\n<div>\n<div>\n<div>\n<div>\n<div>\n<div>\n<div>\n<div>\n<div>\n<div>\n<div>\n<div>\n<div>\n<div>\n<div>\n<div>\n<div>\n<div>\n<div>\n<div>\n<div>\n<div>\n<div>\n<div>\n<p><span style=\"color: #ff0000; font-family: arial black, sans-serif; font-size: x-large;\">2020 BMW 520\u0130 LUXURY L\u0130NE VAKUM-HAYALET-ELK BAGAJ<\/span><\/p>\n<div><b><span style=\"font-family: garamond, serif;\">___________________________________________<\/span><\/b><\/div>\n<div>\n<div><span style=\"font-family: garamond, serif;\"><b><u>&#8216; EKSPERT\u0130Z B\u0130LG\u0130S\u0130 &#8216;<\/u><\/b><\/span><\/div>\n<div><b><u><\/u><\/b><\/p>\n<div>\n<div><span style=\"font-family: garamond, serif;\"><b>DE\u011e\u0130\u015eEN: YOK<\/b><\/span><\/div>\n<div><span style=\"font-family: garamond, serif;\"><b>BOYA: SA\u011e \u00d6N CAMURLUKTA LOKAL<\/b><\/span><\/div>\n<div><span style=\"font-family: garamond, serif;\"><b>TRAMER: YOK\u00a0<\/b><\/span><\/div>\n<div><span style=\"font-family: garamond, serif;\"><b>___________________________________________<\/b><\/span><\/div>\n<\/div>\n<div><b><u><span style=\"color: #ff0000; font-family: garamond, serif;\">&#8216; DONANIM \u00d6ZELL\u0130KLER\u0130 &#8216;<\/span><\/u><\/b><\/div>\n<\/div>\n<div><b><u><\/u><\/b><\/p>\n<div>\u00a0<b>TAM HAYALET EKRAN<\/b><\/div>\n<div>\n<div><span style=\"font-family: arial black, sans-serif;\"><b>SUNROOF<\/b><\/span><\/div>\n<div><span style=\"font-family: arial black, sans-serif;\"><b>VAKUM KAPI\u00a0<\/b><\/span><\/div>\n<div><b><span style=\"font-family: arial black, sans-serif;\">MAKAM PERDELER\u0130<br \/>\n<\/span><span style=\"font-family: arial black, sans-serif;\">ORJ\u0130NAL LAZER FARLAR<\/span><\/b><\/div>\n<div><span style=\"font-family: arial black, sans-serif;\"><b>\u0130\u00c7 TABA<\/b><\/span><\/div>\n<div><span style=\"font-family: arial black, sans-serif;\"><b>KOLTUK ISITMA<\/b><\/span><\/div>\n<div><span style=\"font-family: arial black, sans-serif;\"><b>NAV\u0130GASYON\u00a0<\/b><\/span><\/div>\n<div><span style=\"font-family: arial black, sans-serif;\"><b>GER\u0130 G\u00d6R\u00dc\u015e KAMERASI\u00a0<\/b><\/span><\/div>\n<div><span style=\"font-family: arial black, sans-serif;\"><b>ELEKTR\u0130KL\u0130 HAFIZALI KOLTUKLAR<\/b><\/span><\/div>\n<div><span style=\"font-family: arial black, sans-serif;\"><b>KOLTUK ISITMA<\/b><\/span><\/div>\n<div><span style=\"font-family: arial black, sans-serif;\"><b>CRU\u0130SE CONTROL<\/b><\/span><\/div>\n<div><span style=\"font-family: arial black, sans-serif;\"><b>KEYLESS GO<\/b><\/span><\/div>\n<div><span style=\"font-family: arial black, sans-serif;\"><b>G\u00dcVENL\u0130K AS\u0130STANI\u00a0<\/b><\/span><\/div>\n<div><span style=\"font-family: arial black, sans-serif;\"><b>YAYA KORUMA<\/b><\/span><\/div>\n<div><span style=\"font-family: arial black, sans-serif;\"><b>\u00c7ARPI\u015eMA \u00d6NLEY\u0130C\u0130<\/b><\/span><\/div>\n<div><span style=\"font-family: arial black, sans-serif;\"><b>\u015eER\u0130T TAK\u0130P<\/b><\/span><\/div>\n<div><span style=\"font-family: arial black, sans-serif;\"><b>K\u00d6R NOKTA<\/b><\/span><\/div>\n<div><span style=\"font-family: arial black, sans-serif;\"><b>ELEKTR\u0130KL\u0130 KATLANIR YAN AYNALAR<\/b><\/span><\/div>\n<div><span style=\"font-family: arial black, sans-serif;\"><b>\u00dc\u00c7 B\u00d6LGE D\u0130J\u0130TAL KL\u0130MA<\/b><\/span><\/div>\n<div><span style=\"font-family: arial black, sans-serif;\"><b>\u00c7OK FONKR\u0130YONLU DER\u0130 D\u0130REKS\u0130YON<\/b><\/span><\/div>\n<div>\n<div><span style=\"font-family: arial black, sans-serif;\"><b>ELEKTR\u0130KL\u0130 BAGAJ<\/b><\/span><\/div>\n<\/div>\n<\/div>\n<\/div>\n<\/div>\n<\/div>\n<\/div>\n<\/div>\n<\/div>\n<\/div>\n<\/div>\n<\/div>\n<\/div>\n<\/div>\n<\/div>\n<div>\n<div><span style=\"font-family: arial black, sans-serif; font-size: x-large;\"><b><u>&#8212;&#8212;&#8212;&#8212;&#8212;&#8212;&#8212;&#8212;&#8212;&#8212;&#8212;&#8212;&#8212;&#8212;&#8212;&#8212;&#8212;&#8211;<\/u><\/b><\/span><\/div>\n<\/div>\n<\/div>\n<\/div>\n<\/div>\n<\/div>\n<\/div>\n<\/div>\n<\/div>\n<\/div>\n<\/div>\n<\/div>\n<\/div>\n<\/div>\n<div>\n<div>\n<div>\n<div><b><span style=\"font-family: garamond, serif;\">__________________________________________<\/span><\/b><\/div>\n<div><b><span style=\"font-family: garamond, serif;\">SATI\u015eLARIMIZDA KRED\u0130 KARTI GE\u00c7ERL\u0130D\u0130R<\/span><\/b><\/div>\n<div><b><span style=\"font-family: garamond, serif;\">MOTORLU KARA TA\u015eITI T\u0130CARET\u0130 YETK\u0130 BELGE NO:\u00a00600408<\/span><\/b><\/div>\n<div><b><span style=\"font-family: garamond, serif;\">YEDEK ANAHTARI VE K\u0130TAP\u00c7IKLARI MEVCUTTUR<\/span><\/b><\/div>\n<div><b>___________________________________________<\/b><\/div>\n<div><b><span style=\"color: #ff0000; font-family: garamond, serif;\">CEV\u0130ZL\u0130DERE MAH.KONYA YOLU YILDIRIM KULE<\/span><\/b><\/div>\n<div><b><span style=\"color: #ff0000; font-family: garamond, serif;\">NO: 221\/134<\/span><\/b><\/div>\n<div><span style=\"font-family: garamond, serif; font-size: medium;\"><b><span style=\"color: #ff0000;\">\u00c7ANKAYA \/ ANKARA<\/span><\/b><\/span><\/div>\n<\/div>\n<\/div>\n<\/div>\n<p><span style=\"font-family: Helvetica Neue, Helvetica, Arial, sans-serif; font-size: medium;\">\u00a0<\/span><\/p>\n<\/div>\n<\/div>\n<\/div>\n<\/div>\n<\/div>\n<\/div>\n<\/div>\n<\/div>\n<\/div>\n","protected":false},"excerpt":{"rendered":"<p>2020 BMW 520\u0130 LUXURY L\u0130NE VAKUM-HAYALET-ELK BAGAJ ___________________________________________ &#8216; EKSPERT\u0130Z B\u0130LG\u0130S\u0130 &#8216; DE\u011e\u0130\u015eEN: YOK BOYA: SA\u011e \u00d6N CAMURLUKTA LOKAL TRAMER: YOK\u00a0 ___________________________________________ &#8216; DONANIM \u00d6ZELL\u0130KLER\u0130 &#8216; \u00a0TAM HAYALET EKRAN SUNROOF VAKUM KAPI\u00a0 MAKAM PERDELER\u0130 ORJ\u0130NAL LAZER FARLAR \u0130\u00c7 TABA KOLTUK ISITMA NAV\u0130GASYON\u00a0 GER\u0130 G\u00d6R\u00dc\u015e KAMERASI\u00a0 ELEKTR\u0130KL\u0130 HAFIZALI KOLTUKLAR KOLTUK ISITMA CRU\u0130SE CONTROL KEYLESS GO G\u00dcVENL\u0130K [&hellip;]<\/p>\n","protected":false},"featured_media":14010,"template":"","meta":[],"product_cat":[15],"product_tag":[],"yoast_head":"<!-- This site is optimized with the Yoast SEO plugin v18.5.1 - https:\/\/yoast.com\/wordpress\/plugins\/seo\/ -->\n<title>TROYKA&#039;DAN 2020 BMW 520\u0130 LUXURY L\u0130NE VAKUM-HAYALET-ELK BAGAJ - Troyka Oto<\/title>\n<meta name=\"robots\" content=\"index, follow, max-snippet:-1, max-image-preview:large, max-video-preview:-1\" \/>\n<link rel=\"canonical\" href=\"https:\/\/troykaoto.com.tr\/index.php\/product\/troykadan-2020-bmw-520i-luxury-line-vakum-hayalet-elk-bagaj\/\" \/>\n<meta property=\"og:locale\" content=\"tr_TR\" \/>\n<meta property=\"og:type\" content=\"article\" \/>\n<meta property=\"og:title\" content=\"TROYKA&#039;DAN 2020 BMW 520\u0130 LUXURY L\u0130NE VAKUM-HAYALET-ELK BAGAJ - Troyka Oto\" \/>\n<meta property=\"og:description\" content=\"2020 BMW 520\u0130 LUXURY L\u0130NE VAKUM-HAYALET-ELK BAGAJ ___________________________________________ &#8216; EKSPERT\u0130Z B\u0130LG\u0130S\u0130 &#8216; DE\u011e\u0130\u015eEN: YOK BOYA: SA\u011e \u00d6N CAMURLUKTA LOKAL TRAMER: YOK\u00a0 ___________________________________________ &#8216; DONANIM \u00d6ZELL\u0130KLER\u0130 &#8216; \u00a0TAM HAYALET EKRAN SUNROOF VAKUM KAPI\u00a0 MAKAM PERDELER\u0130 ORJ\u0130NAL LAZER FARLAR \u0130\u00c7 TABA KOLTUK ISITMA NAV\u0130GASYON\u00a0 GER\u0130 G\u00d6R\u00dc\u015e KAMERASI\u00a0 ELEKTR\u0130KL\u0130 HAFIZALI KOLTUKLAR KOLTUK ISITMA CRU\u0130SE CONTROL KEYLESS GO G\u00dcVENL\u0130K [&hellip;]\" \/>\n<meta property=\"og:url\" content=\"https:\/\/troykaoto.com.tr\/index.php\/product\/troykadan-2020-bmw-520i-luxury-line-vakum-hayalet-elk-bagaj\/\" \/>\n<meta property=\"og:site_name\" content=\"Troyka Oto\" \/>\n<meta property=\"article:modified_time\" content=\"2026-04-17T09:34:03+00:00\" \/>\n<meta property=\"og:image\" content=\"http:\/\/troykaoto.com.tr\/wp-content\/uploads\/2026\/04\/f2ce8d6b-6d5c-4b9f-b367-1b2932bb9285.jpg\" \/>\n\t<meta property=\"og:image:width\" content=\"2048\" \/>\n\t<meta property=\"og:image:height\" content=\"1536\" \/>\n\t<meta property=\"og:image:type\" content=\"image\/jpeg\" \/>\n<meta name=\"twitter:card\" content=\"summary_large_image\" \/>\n<meta name=\"twitter:label1\" content=\"Tahmini okuma s\u00fcresi\" \/>\n\t<meta name=\"twitter:data1\" content=\"1 dakika\" \/>\n<script type=\"application\/ld+json\" class=\"yoast-schema-graph\">{\"@context\":\"https:\/\/schema.org\",\"@graph\":[{\"@type\":\"WebSite\",\"@id\":\"https:\/\/troykaoto.com.tr\/#website\",\"url\":\"https:\/\/troykaoto.com.tr\/\",\"name\":\"Troyka Oto\",\"description\":\"Her Marka 2. El-S\u0131f\u0131r Ara\u00e7lar\",\"potentialAction\":[{\"@type\":\"SearchAction\",\"target\":{\"@type\":\"EntryPoint\",\"urlTemplate\":\"https:\/\/troykaoto.com.tr\/?s={search_term_string}\"},\"query-input\":\"required name=search_term_string\"}],\"inLanguage\":\"tr\"},{\"@type\":\"ImageObject\",\"@id\":\"https:\/\/troykaoto.com.tr\/index.php\/product\/troykadan-2020-bmw-520i-luxury-line-vakum-hayalet-elk-bagaj\/#primaryimage\",\"inLanguage\":\"tr\",\"url\":\"https:\/\/troykaoto.com.tr\/wp-content\/uploads\/2026\/04\/f2ce8d6b-6d5c-4b9f-b367-1b2932bb9285.jpg\",\"contentUrl\":\"https:\/\/troykaoto.com.tr\/wp-content\/uploads\/2026\/04\/f2ce8d6b-6d5c-4b9f-b367-1b2932bb9285.jpg\",\"width\":2048,\"height\":1536},{\"@type\":\"WebPage\",\"@id\":\"https:\/\/troykaoto.com.tr\/index.php\/product\/troykadan-2020-bmw-520i-luxury-line-vakum-hayalet-elk-bagaj\/#webpage\",\"url\":\"https:\/\/troykaoto.com.tr\/index.php\/product\/troykadan-2020-bmw-520i-luxury-line-vakum-hayalet-elk-bagaj\/\",\"name\":\"TROYKA'DAN 2020 BMW 520\u0130 LUXURY L\u0130NE VAKUM-HAYALET-ELK BAGAJ - Troyka Oto\",\"isPartOf\":{\"@id\":\"https:\/\/troykaoto.com.tr\/#website\"},\"primaryImageOfPage\":{\"@id\":\"https:\/\/troykaoto.com.tr\/index.php\/product\/troykadan-2020-bmw-520i-luxury-line-vakum-hayalet-elk-bagaj\/#primaryimage\"},\"datePublished\":\"2026-04-17T09:19:25+00:00\",\"dateModified\":\"2026-04-17T09:34:03+00:00\",\"breadcrumb\":{\"@id\":\"https:\/\/troykaoto.com.tr\/index.php\/product\/troykadan-2020-bmw-520i-luxury-line-vakum-hayalet-elk-bagaj\/#breadcrumb\"},\"inLanguage\":\"tr\",\"potentialAction\":[{\"@type\":\"ReadAction\",\"target\":[\"https:\/\/troykaoto.com.tr\/index.php\/product\/troykadan-2020-bmw-520i-luxury-line-vakum-hayalet-elk-bagaj\/\"]}]},{\"@type\":\"BreadcrumbList\",\"@id\":\"https:\/\/troykaoto.com.tr\/index.php\/product\/troykadan-2020-bmw-520i-luxury-line-vakum-hayalet-elk-bagaj\/#breadcrumb\",\"itemListElement\":[{\"@type\":\"ListItem\",\"position\":1,\"name\":\"Ana sayfa\",\"item\":\"https:\/\/troykaoto.com.tr\/\"},{\"@type\":\"ListItem\",\"position\":2,\"name\":\"Ma\u011faza\",\"item\":\"https:\/\/troykaoto.com.tr\/index.php\/magaza\/\"},{\"@type\":\"ListItem\",\"position\":3,\"name\":\"TROYKA&#8217;DAN 2020 BMW 520\u0130 LUXURY L\u0130NE VAKUM-HAYALET-ELK BAGAJ\"}]}]}<\/script>\n<!-- \/ Yoast SEO plugin. -->","yoast_head_json":{"title":"TROYKA'DAN 2020 BMW 520\u0130 LUXURY L\u0130NE VAKUM-HAYALET-ELK BAGAJ - Troyka Oto","robots":{"index":"index","follow":"follow","max-snippet":"max-snippet:-1","max-image-preview":"max-image-preview:large","max-video-preview":"max-video-preview:-1"},"canonical":"https:\/\/troykaoto.com.tr\/index.php\/product\/troykadan-2020-bmw-520i-luxury-line-vakum-hayalet-elk-bagaj\/","og_locale":"tr_TR","og_type":"article","og_title":"TROYKA'DAN 2020 BMW 520\u0130 LUXURY L\u0130NE VAKUM-HAYALET-ELK BAGAJ - Troyka Oto","og_description":"2020 BMW 520\u0130 LUXURY L\u0130NE VAKUM-HAYALET-ELK BAGAJ ___________________________________________ &#8216; EKSPERT\u0130Z B\u0130LG\u0130S\u0130 &#8216; DE\u011e\u0130\u015eEN: YOK BOYA: SA\u011e \u00d6N CAMURLUKTA LOKAL TRAMER: YOK\u00a0 ___________________________________________ &#8216; DONANIM \u00d6ZELL\u0130KLER\u0130 &#8216; \u00a0TAM HAYALET EKRAN SUNROOF VAKUM KAPI\u00a0 MAKAM PERDELER\u0130 ORJ\u0130NAL LAZER FARLAR \u0130\u00c7 TABA KOLTUK ISITMA NAV\u0130GASYON\u00a0 GER\u0130 G\u00d6R\u00dc\u015e KAMERASI\u00a0 ELEKTR\u0130KL\u0130 HAFIZALI KOLTUKLAR KOLTUK ISITMA CRU\u0130SE CONTROL KEYLESS GO G\u00dcVENL\u0130K [&hellip;]","og_url":"https:\/\/troykaoto.com.tr\/index.php\/product\/troykadan-2020-bmw-520i-luxury-line-vakum-hayalet-elk-bagaj\/","og_site_name":"Troyka Oto","article_modified_time":"2026-04-17T09:34:03+00:00","og_image":[{"width":2048,"height":1536,"url":"http:\/\/troykaoto.com.tr\/wp-content\/uploads\/2026\/04\/f2ce8d6b-6d5c-4b9f-b367-1b2932bb9285.jpg","type":"image\/jpeg"}],"twitter_card":"summary_large_image","twitter_misc":{"Tahmini okuma s\u00fcresi":"1 dakika"},"schema":{"@context":"https:\/\/schema.org","@graph":[{"@type":"WebSite","@id":"https:\/\/troykaoto.com.tr\/#website","url":"https:\/\/troykaoto.com.tr\/","name":"Troyka Oto","description":"Her Marka 2. El-S\u0131f\u0131r Ara\u00e7lar","potentialAction":[{"@type":"SearchAction","target":{"@type":"EntryPoint","urlTemplate":"https:\/\/troykaoto.com.tr\/?s={search_term_string}"},"query-input":"required name=search_term_string"}],"inLanguage":"tr"},{"@type":"ImageObject","@id":"https:\/\/troykaoto.com.tr\/index.php\/product\/troykadan-2020-bmw-520i-luxury-line-vakum-hayalet-elk-bagaj\/#primaryimage","inLanguage":"tr","url":"https:\/\/troykaoto.com.tr\/wp-content\/uploads\/2026\/04\/f2ce8d6b-6d5c-4b9f-b367-1b2932bb9285.jpg","contentUrl":"https:\/\/troykaoto.com.tr\/wp-content\/uploads\/2026\/04\/f2ce8d6b-6d5c-4b9f-b367-1b2932bb9285.jpg","width":2048,"height":1536},{"@type":"WebPage","@id":"https:\/\/troykaoto.com.tr\/index.php\/product\/troykadan-2020-bmw-520i-luxury-line-vakum-hayalet-elk-bagaj\/#webpage","url":"https:\/\/troykaoto.com.tr\/index.php\/product\/troykadan-2020-bmw-520i-luxury-line-vakum-hayalet-elk-bagaj\/","name":"TROYKA'DAN 2020 BMW 520\u0130 LUXURY L\u0130NE VAKUM-HAYALET-ELK BAGAJ - Troyka Oto","isPartOf":{"@id":"https:\/\/troykaoto.com.tr\/#website"},"primaryImageOfPage":{"@id":"https:\/\/troykaoto.com.tr\/index.php\/product\/troykadan-2020-bmw-520i-luxury-line-vakum-hayalet-elk-bagaj\/#primaryimage"},"datePublished":"2026-04-17T09:19:25+00:00","dateModified":"2026-04-17T09:34:03+00:00","breadcrumb":{"@id":"https:\/\/troykaoto.com.tr\/index.php\/product\/troykadan-2020-bmw-520i-luxury-line-vakum-hayalet-elk-bagaj\/#breadcrumb"},"inLanguage":"tr","potentialAction":[{"@type":"ReadAction","target":["https:\/\/troykaoto.com.tr\/index.php\/product\/troykadan-2020-bmw-520i-luxury-line-vakum-hayalet-elk-bagaj\/"]}]},{"@type":"BreadcrumbList","@id":"https:\/\/troykaoto.com.tr\/index.php\/product\/troykadan-2020-bmw-520i-luxury-line-vakum-hayalet-elk-bagaj\/#breadcrumb","itemListElement":[{"@type":"ListItem","position":1,"name":"Ana sayfa","item":"https:\/\/troykaoto.com.tr\/"},{"@type":"ListItem","position":2,"name":"Ma\u011faza","item":"https:\/\/troykaoto.com.tr\/index.php\/magaza\/"},{"@type":"ListItem","position":3,"name":"TROYKA&#8217;DAN 2020 BMW 520\u0130 LUXURY L\u0130NE VAKUM-HAYALET-ELK BAGAJ"}]}]}},"_links":{"self":[{"href":"https:\/\/troykaoto.com.tr\/index.php\/wp-json\/wp\/v2\/product\/13986"}],"collection":[{"href":"https:\/\/troykaoto.com.tr\/index.php\/wp-json\/wp\/v2\/product"}],"about":[{"href":"https:\/\/troykaoto.com.tr\/index.php\/wp-json\/wp\/v2\/types\/product"}],"wp:featuredmedia":[{"embeddable":true,"href":"https:\/\/troykaoto.com.tr\/index.php\/wp-json\/wp\/v2\/media\/14010"}],"wp:attachment":[{"href":"https:\/\/troykaoto.com.tr\/index.php\/wp-json\/wp\/v2\/media?parent=13986"}],"wp:term":[{"taxonomy":"product_cat","embeddable":true,"href":"https:\/\/troykaoto.com.tr\/index.php\/wp-json\/wp\/v2\/product_cat?post=13986"},{"taxonomy":"product_tag","embeddable":true,"href":"https:\/\/troykaoto.com.tr\/index.php\/wp-json\/wp\/v2\/product_tag?post=13986"}],"curies":[{"name":"wp","href":"https:\/\/api.w.org\/{rel}","templated":true}]}}