{"id":14012,"date":"2026-04-17T12:34:45","date_gmt":"2026-04-17T09:34:45","guid":{"rendered":"https:\/\/troykaoto.com.tr\/?post_type=product&#038;p=14012"},"modified":"2026-04-17T13:20:35","modified_gmt":"2026-04-17T10:20:35","slug":"troykadan-2025-opel-combo-1-5-d-ultimate-otomatik-k-k-12-taksit","status":"publish","type":"product","link":"https:\/\/troykaoto.com.tr\/index.php\/product\/troykadan-2025-opel-combo-1-5-d-ultimate-otomatik-k-k-12-taksit\/","title":{"rendered":"TROYKA&#8217;DAN 2025 OPEL COMBO 1.5 D ULTIMATE OTOMAT\u0130K K.K 12 TAKS\u0130T"},"content":{"rendered":"<p style=\"text-align: center;\"><img src=\"https:\/\/i.hizliresim.com\/gbzL9L.jpg\" \/><\/p>\n<div>\n<div style=\"text-align: center;\">\n<div>\n<div>\n<div>\n<div>\n<div>\n<div>\n<div>\n<div>\n<div>\n<div>\n<div>\n<div>\n<div>\n<div>\n<div>\n<div>\n<div>\n<div>\n<div>\n<p><span style=\"color: #ff0000; font-size: large;\">2025 OPEL COMBO 1.5 D ULTIMATE\u200b<\/span><\/p>\n<p><span style=\"color: #ff0000; font-size: large;\">D\u0130ZEL OTOMAT\u0130K V\u0130TES<\/span><\/p>\n<p>&nbsp;<\/p>\n<p><span style=\"color: #ff0000; font-size: large;\">\u00a0 \u00a0 \u00a0 \u00a0 \u00a0 \u00a0 \u00a0 \u00a0 \u00a0 \u00a0 \u00a0 \u00a0 \u00a0 \u00a0 \u00a0 \u00a0 \u00a0 \u00a0 \u00a0 \u00a0 \u00a0 \u00a0 \u00a0 \u00a0 \u00a0 \u00a0 \u00a0 \u00a0 \u00a0 \u00a0 \u00a0 \u00a0 \u00a0 \u00a0 \u00a0 KRED\u0130 KARTINA 12 TAKS\u0130T<\/span><\/p>\n<p><span style=\"color: #ff0000; font-family: arial black, sans-serif; font-size: x-large;\">MUAYENE : 15.04.2027\u00a0<\/span><\/p>\n<p>&nbsp;<\/p>\n<p><b><span style=\"color: #ff0000; font-size: large;\">__________________________________________<\/span><\/b><\/p>\n<p><u><b>&#8216; EKSPERT\u0130Z B\u0130LG\u0130S\u0130 &#8216;<\/b><\/u><\/p>\n<p><b>DE\u011e\u0130\u015eEN: YOK<\/b><\/p>\n<p><b>BOYA: YOK<\/b><\/p>\n<p><b>TRAMER: YOK<\/b><\/p>\n<p><b>___________________________________________<\/b><\/p>\n<p><b><u>&#8216; DONANIM \u00d6ZELL\u0130KLER\u0130 &#8216;<\/u><\/b><\/p>\n<div><b><u><span style=\"font-family: arial black, sans-serif; font-size: large;\">CAM TAVAN<\/span><\/u><\/b><\/div>\n<div><b><u><span style=\"font-family: arial black, sans-serif; font-size: large;\">\u00a0<\/span><\/u><\/b><\/div>\n<div><b><u><span style=\"font-family: arial black, sans-serif; font-size: large;\">MULT\u0130MEDYA PRO EKRAN<\/span><\/u><\/b><\/div>\n<div><b><u><span style=\"font-family: arial black, sans-serif; font-size: large;\">\u00a0<\/span><\/u><\/b><\/div>\n<div><b><u><span style=\"font-family: arial black, sans-serif; font-size: large;\">D\u0130REKS\u0130YON ISITMA<\/span><\/u><\/b><\/div>\n<div><b><u><span style=\"font-family: arial black, sans-serif; font-size: large;\">\u00a0<\/span><\/u><\/b><\/div>\n<div><b><u><span style=\"font-family: arial black, sans-serif; font-size: large;\">HAYALET EKRAN<\/span><\/u><\/b><\/div>\n<div><b><u><span style=\"font-family: arial black, sans-serif; font-size: large;\">\u00a0<\/span><\/u><\/b><\/div>\n<div><b><u><span style=\"font-family: arial black, sans-serif; font-size: large;\">GER\u0130 G\u00d6R\u00dc\u015e KAMERASI<\/span><\/u><\/b><\/div>\n<div><b><u><span style=\"font-family: arial black, sans-serif; font-size: large;\">\u00a0<\/span><\/u><\/b><\/div>\n<div><b><u><span style=\"font-family: arial black, sans-serif; font-size: large;\">E-TOGGLE V\u0130TES<\/span><\/u><\/b><\/div>\n<div><b><u><span style=\"font-family: arial black, sans-serif; font-size: large;\">\u00a0<\/span><\/u><\/b><\/div>\n<div><b><u><span style=\"font-family: arial black, sans-serif; font-size: large;\">OTOMAT\u0130K KATLANAN YAN AYNALAR<\/span><\/u><\/b><\/div>\n<div><b><u><span style=\"font-family: arial black, sans-serif; font-size: large;\">\u00a0<\/span><\/u><\/b><\/div>\n<div><b><u><span style=\"font-family: arial black, sans-serif; font-size: large;\">ANAHTARSIZ G\u0130R\u0130\u015e &#8211; \u00c7IKI\u015e<\/span><\/u><\/b><\/div>\n<div><b><u><span style=\"font-family: arial black, sans-serif; font-size: large;\">\u00a0<\/span><\/u><\/b><\/div>\n<div><b><u><span style=\"font-family: arial black, sans-serif; font-size: large;\">ANAHTARSIZ \u00c7ALI\u015eTIRMA<\/span><\/u><\/b><\/div>\n<div><b><u><span style=\"font-family: arial black, sans-serif; font-size: large;\">\u00a0<\/span><\/u><\/b><\/div>\n<div><b><u><span style=\"font-family: arial black, sans-serif; font-size: large;\">\u015eER\u0130T TAK\u0130P S\u0130STEM\u0130<\/span><\/u><\/b><\/div>\n<div><b><u><span style=\"font-family: arial black, sans-serif; font-size: large;\">\u00a0<\/span><\/u><\/b><\/div>\n<div><b><u><span style=\"font-family: arial black, sans-serif; font-size: large;\">K\u00d6R NOKTA<\/span><\/u><\/b><\/div>\n<div><b><u><span style=\"font-family: arial black, sans-serif; font-size: large;\">\u00a0<\/span><\/u><\/b><\/div>\n<div><b><u><span style=\"font-family: arial black, sans-serif; font-size: large;\">ORTA KONSOL<\/span><\/u><\/b><\/div>\n<div><b><u><span style=\"font-family: arial black, sans-serif; font-size: large;\">\u00a0<\/span><\/u><\/b><\/div>\n<div><b><u><span style=\"font-family: arial black, sans-serif; font-size: large;\">220 V PR\u0130Z G\u0130R\u0130\u015e\u0130<\/span><\/u><\/b><\/div>\n<div><b><u><span style=\"font-family: arial black, sans-serif; font-size: large;\">\u00a0<\/span><\/u><\/b><\/div>\n<div><b><u><span style=\"font-family: arial black, sans-serif; font-size: large;\">F-1 V\u0130TES<\/span><\/u><\/b><\/div>\n<div><b><u><span style=\"font-family: arial black, sans-serif; font-size: large;\">\u00a0<\/span><\/u><\/b><\/div>\n<div><b><u><span style=\"font-family: arial black, sans-serif; font-size: large;\">LEVHA OKUMA<\/span><\/u><\/b><\/div>\n<div><b><u><span style=\"font-family: arial black, sans-serif; font-size: large;\">\u00a0<\/span><\/u><\/b><\/div>\n<div><b><u><span style=\"font-family: arial black, sans-serif; font-size: large;\">LED FARLAR<\/span><\/u><\/b><\/div>\n<div><b><u><span style=\"font-family: arial black, sans-serif; font-size: large;\">\u00a0<\/span><\/u><\/b><\/div>\n<div><b><u><span style=\"font-family: arial black, sans-serif; font-size: large;\">DR\u0130VER MODE<\/span><\/u><\/b><\/div>\n<div><b><u><span style=\"font-family: arial black, sans-serif; font-size: large;\">\u00a0<\/span><\/u><\/b><\/div>\n<div><b><u><span style=\"font-family: arial black, sans-serif; font-size: large;\">BLUETOOTH USB-C SOKET\u0130<\/span><\/u><\/b><\/div>\n<div><b><u><span style=\"font-family: arial black, sans-serif; font-size: large;\">\u00a0<\/span><\/u><\/b><\/div>\n<div><b><u><span style=\"font-family: arial black, sans-serif; font-size: large;\">DOKUNMAT\u0130K B\u00dcY\u00dcK EKRAN<\/span><\/u><\/b><\/div>\n<div><b><u><span style=\"font-family: arial black, sans-serif; font-size: large;\">\u00a0<\/span><\/u><\/b><\/div>\n<div><b><u><span style=\"font-family: arial black, sans-serif; font-size: large;\">\u00c7ARPI\u015eMA \u00d6NLEY\u0130C\u0130<\/span><\/u><\/b><\/div>\n<div><b><u><span style=\"font-family: arial black, sans-serif; font-size: large;\">\u00a0<\/span><\/u><\/b><\/div>\n<div><b><u><span style=\"font-family: arial black, sans-serif; font-size: large;\">APPLE CAR PLAY<\/span><\/u><\/b><\/div>\n<div><b><u><span style=\"font-family: arial black, sans-serif; font-size: large;\">\u00a0<\/span><\/u><\/b><\/div>\n<div><b><u><span style=\"font-family: arial black, sans-serif; font-size: large;\">PARK SENS\u00d6R\u00dc<\/span><\/u><\/b><\/div>\n<div><b><u><span style=\"font-family: arial black, sans-serif; font-size: large;\">\u00a0<\/span><\/u><\/b><\/div>\n<div><b><u><span style=\"font-family: arial black, sans-serif; font-size: large;\">YA\u011eMUR VE FAR SENS\u00d6R\u00dc<\/span><\/u><\/b><\/div>\n<div><b><u><span style=\"font-family: arial black, sans-serif; font-size: large;\">\u00a0<\/span><\/u><\/b><\/div>\n<div><b><u><span style=\"font-family: arial black, sans-serif; font-size: large;\">HIZ SAB\u0130TLEY\u0130C\u0130<\/span><\/u><\/b><\/div>\n<div>\n<p><b><u><\/u><\/b><b>_________________________________________<\/b><\/p>\n<\/div>\n<div>\n<div><span style=\"font-family: arial black, sans-serif; font-size: x-large;\"><b><u>&#8212;&#8212;&#8212;&#8212;&#8212;&#8212;&#8212;&#8212;&#8212;&#8212;&#8212;&#8212;&#8212;&#8212;&#8212;&#8212;&#8212;&#8211;<\/u><\/b><\/span><\/div>\n<\/div>\n<\/div>\n<\/div>\n<\/div>\n<\/div>\n<\/div>\n<\/div>\n<\/div>\n<\/div>\n<\/div>\n<\/div>\n<\/div>\n<\/div>\n<div>\n<div>\n<div>\n<div><b><span style=\"font-family: garamond, serif;\">__________________________________________<\/span><\/b><\/div>\n<div><b><span style=\"font-family: garamond, serif;\">SATI\u015eLARIMIZDA KRED\u0130 KARTI GE\u00c7ERL\u0130D\u0130R<\/span><\/b><\/div>\n<div><b><span style=\"font-family: garamond, serif;\">MOTORLU KARA TA\u015eITI T\u0130CARET\u0130 YETK\u0130 BELGE NO:\u00a00600408<\/span><\/b><\/div>\n<div><b><span style=\"font-family: garamond, serif;\">YEDEK ANAHTARI VE K\u0130TAP\u00c7IKLARI MEVCUTTUR<\/span><\/b><\/div>\n<div><b>___________________________________________<\/b><\/div>\n<div><b><span style=\"color: #ff0000; font-family: garamond, serif;\">CEV\u0130ZL\u0130DERE MAH.KONYA YOLU YILDIRIM KULE<\/span><\/b><\/div>\n<div><b><span style=\"color: #ff0000; font-family: garamond, serif;\">NO: 221\/134<\/span><\/b><\/div>\n<div><span style=\"font-family: garamond, serif; font-size: medium;\"><b><span style=\"color: #ff0000;\">\u00c7ANKAYA \/ ANKARA<\/span><\/b><\/span><\/div>\n<\/div>\n<\/div>\n<\/div>\n<p><span style=\"font-family: Helvetica Neue, Helvetica, Arial, sans-serif; font-size: medium;\">\u00a0<\/span><\/p>\n<\/div>\n<\/div>\n<\/div>\n<\/div>\n<\/div>\n<\/div>\n<\/div>\n<\/div>\n<\/div>\n","protected":false},"excerpt":{"rendered":"<p>2025 OPEL COMBO 1.5 D ULTIMATE\u200b D\u0130ZEL OTOMAT\u0130K V\u0130TES &nbsp; \u00a0 \u00a0 \u00a0 \u00a0 \u00a0 \u00a0 \u00a0 \u00a0 \u00a0 \u00a0 \u00a0 \u00a0 \u00a0 \u00a0 \u00a0 \u00a0 \u00a0 \u00a0 \u00a0 \u00a0 \u00a0 \u00a0 \u00a0 \u00a0 \u00a0 \u00a0 \u00a0 \u00a0 \u00a0 \u00a0 \u00a0 \u00a0 \u00a0 \u00a0 \u00a0 KRED\u0130 KARTINA 12 TAKS\u0130T MUAYENE : 15.04.2027\u00a0 &nbsp; __________________________________________ &#8216; [&hellip;]<\/p>\n","protected":false},"featured_media":14030,"template":"","meta":[],"product_cat":[15],"product_tag":[],"yoast_head":"<!-- This site is optimized with the Yoast SEO plugin v18.5.1 - https:\/\/yoast.com\/wordpress\/plugins\/seo\/ -->\n<title>TROYKA&#039;DAN 2025 OPEL COMBO 1.5 D ULTIMATE OTOMAT\u0130K K.K 12 TAKS\u0130T - Troyka Oto<\/title>\n<meta name=\"robots\" content=\"index, follow, max-snippet:-1, max-image-preview:large, max-video-preview:-1\" \/>\n<link rel=\"canonical\" href=\"https:\/\/troykaoto.com.tr\/index.php\/product\/troykadan-2025-opel-combo-1-5-d-ultimate-otomatik-k-k-12-taksit\/\" \/>\n<meta property=\"og:locale\" content=\"tr_TR\" \/>\n<meta property=\"og:type\" content=\"article\" \/>\n<meta property=\"og:title\" content=\"TROYKA&#039;DAN 2025 OPEL COMBO 1.5 D ULTIMATE OTOMAT\u0130K K.K 12 TAKS\u0130T - Troyka Oto\" \/>\n<meta property=\"og:description\" content=\"2025 OPEL COMBO 1.5 D ULTIMATE\u200b D\u0130ZEL OTOMAT\u0130K V\u0130TES &nbsp; \u00a0 \u00a0 \u00a0 \u00a0 \u00a0 \u00a0 \u00a0 \u00a0 \u00a0 \u00a0 \u00a0 \u00a0 \u00a0 \u00a0 \u00a0 \u00a0 \u00a0 \u00a0 \u00a0 \u00a0 \u00a0 \u00a0 \u00a0 \u00a0 \u00a0 \u00a0 \u00a0 \u00a0 \u00a0 \u00a0 \u00a0 \u00a0 \u00a0 \u00a0 \u00a0 KRED\u0130 KARTINA 12 TAKS\u0130T MUAYENE : 15.04.2027\u00a0 &nbsp; __________________________________________ &#8216; [&hellip;]\" \/>\n<meta property=\"og:url\" content=\"https:\/\/troykaoto.com.tr\/index.php\/product\/troykadan-2025-opel-combo-1-5-d-ultimate-otomatik-k-k-12-taksit\/\" \/>\n<meta property=\"og:site_name\" content=\"Troyka Oto\" \/>\n<meta property=\"article:modified_time\" content=\"2026-04-17T10:20:35+00:00\" \/>\n<meta property=\"og:image\" content=\"http:\/\/troykaoto.com.tr\/wp-content\/uploads\/2026\/04\/d1d40731-6571-4b4f-a8f0-06f2c136d14b.jpg\" \/>\n\t<meta property=\"og:image:width\" content=\"2048\" \/>\n\t<meta property=\"og:image:height\" content=\"1536\" \/>\n\t<meta property=\"og:image:type\" content=\"image\/jpeg\" \/>\n<meta name=\"twitter:card\" content=\"summary_large_image\" \/>\n<meta name=\"twitter:label1\" content=\"Tahmini okuma s\u00fcresi\" \/>\n\t<meta name=\"twitter:data1\" content=\"1 dakika\" \/>\n<script type=\"application\/ld+json\" class=\"yoast-schema-graph\">{\"@context\":\"https:\/\/schema.org\",\"@graph\":[{\"@type\":\"WebSite\",\"@id\":\"https:\/\/troykaoto.com.tr\/#website\",\"url\":\"https:\/\/troykaoto.com.tr\/\",\"name\":\"Troyka Oto\",\"description\":\"Her Marka 2. El-S\u0131f\u0131r Ara\u00e7lar\",\"potentialAction\":[{\"@type\":\"SearchAction\",\"target\":{\"@type\":\"EntryPoint\",\"urlTemplate\":\"https:\/\/troykaoto.com.tr\/?s={search_term_string}\"},\"query-input\":\"required name=search_term_string\"}],\"inLanguage\":\"tr\"},{\"@type\":\"ImageObject\",\"@id\":\"https:\/\/troykaoto.com.tr\/index.php\/product\/troykadan-2025-opel-combo-1-5-d-ultimate-otomatik-k-k-12-taksit\/#primaryimage\",\"inLanguage\":\"tr\",\"url\":\"https:\/\/troykaoto.com.tr\/wp-content\/uploads\/2026\/04\/d1d40731-6571-4b4f-a8f0-06f2c136d14b.jpg\",\"contentUrl\":\"https:\/\/troykaoto.com.tr\/wp-content\/uploads\/2026\/04\/d1d40731-6571-4b4f-a8f0-06f2c136d14b.jpg\",\"width\":2048,\"height\":1536},{\"@type\":\"WebPage\",\"@id\":\"https:\/\/troykaoto.com.tr\/index.php\/product\/troykadan-2025-opel-combo-1-5-d-ultimate-otomatik-k-k-12-taksit\/#webpage\",\"url\":\"https:\/\/troykaoto.com.tr\/index.php\/product\/troykadan-2025-opel-combo-1-5-d-ultimate-otomatik-k-k-12-taksit\/\",\"name\":\"TROYKA'DAN 2025 OPEL COMBO 1.5 D ULTIMATE OTOMAT\u0130K K.K 12 TAKS\u0130T - Troyka Oto\",\"isPartOf\":{\"@id\":\"https:\/\/troykaoto.com.tr\/#website\"},\"primaryImageOfPage\":{\"@id\":\"https:\/\/troykaoto.com.tr\/index.php\/product\/troykadan-2025-opel-combo-1-5-d-ultimate-otomatik-k-k-12-taksit\/#primaryimage\"},\"datePublished\":\"2026-04-17T09:34:45+00:00\",\"dateModified\":\"2026-04-17T10:20:35+00:00\",\"breadcrumb\":{\"@id\":\"https:\/\/troykaoto.com.tr\/index.php\/product\/troykadan-2025-opel-combo-1-5-d-ultimate-otomatik-k-k-12-taksit\/#breadcrumb\"},\"inLanguage\":\"tr\",\"potentialAction\":[{\"@type\":\"ReadAction\",\"target\":[\"https:\/\/troykaoto.com.tr\/index.php\/product\/troykadan-2025-opel-combo-1-5-d-ultimate-otomatik-k-k-12-taksit\/\"]}]},{\"@type\":\"BreadcrumbList\",\"@id\":\"https:\/\/troykaoto.com.tr\/index.php\/product\/troykadan-2025-opel-combo-1-5-d-ultimate-otomatik-k-k-12-taksit\/#breadcrumb\",\"itemListElement\":[{\"@type\":\"ListItem\",\"position\":1,\"name\":\"Ana sayfa\",\"item\":\"https:\/\/troykaoto.com.tr\/\"},{\"@type\":\"ListItem\",\"position\":2,\"name\":\"Ma\u011faza\",\"item\":\"https:\/\/troykaoto.com.tr\/index.php\/magaza\/\"},{\"@type\":\"ListItem\",\"position\":3,\"name\":\"TROYKA&#8217;DAN 2025 OPEL COMBO 1.5 D ULTIMATE OTOMAT\u0130K K.K 12 TAKS\u0130T\"}]}]}<\/script>\n<!-- \/ Yoast SEO plugin. -->","yoast_head_json":{"title":"TROYKA'DAN 2025 OPEL COMBO 1.5 D ULTIMATE OTOMAT\u0130K K.K 12 TAKS\u0130T - Troyka Oto","robots":{"index":"index","follow":"follow","max-snippet":"max-snippet:-1","max-image-preview":"max-image-preview:large","max-video-preview":"max-video-preview:-1"},"canonical":"https:\/\/troykaoto.com.tr\/index.php\/product\/troykadan-2025-opel-combo-1-5-d-ultimate-otomatik-k-k-12-taksit\/","og_locale":"tr_TR","og_type":"article","og_title":"TROYKA'DAN 2025 OPEL COMBO 1.5 D ULTIMATE OTOMAT\u0130K K.K 12 TAKS\u0130T - Troyka Oto","og_description":"2025 OPEL COMBO 1.5 D ULTIMATE\u200b D\u0130ZEL OTOMAT\u0130K V\u0130TES &nbsp; \u00a0 \u00a0 \u00a0 \u00a0 \u00a0 \u00a0 \u00a0 \u00a0 \u00a0 \u00a0 \u00a0 \u00a0 \u00a0 \u00a0 \u00a0 \u00a0 \u00a0 \u00a0 \u00a0 \u00a0 \u00a0 \u00a0 \u00a0 \u00a0 \u00a0 \u00a0 \u00a0 \u00a0 \u00a0 \u00a0 \u00a0 \u00a0 \u00a0 \u00a0 \u00a0 KRED\u0130 KARTINA 12 TAKS\u0130T MUAYENE : 15.04.2027\u00a0 &nbsp; __________________________________________ &#8216; [&hellip;]","og_url":"https:\/\/troykaoto.com.tr\/index.php\/product\/troykadan-2025-opel-combo-1-5-d-ultimate-otomatik-k-k-12-taksit\/","og_site_name":"Troyka Oto","article_modified_time":"2026-04-17T10:20:35+00:00","og_image":[{"width":2048,"height":1536,"url":"http:\/\/troykaoto.com.tr\/wp-content\/uploads\/2026\/04\/d1d40731-6571-4b4f-a8f0-06f2c136d14b.jpg","type":"image\/jpeg"}],"twitter_card":"summary_large_image","twitter_misc":{"Tahmini okuma s\u00fcresi":"1 dakika"},"schema":{"@context":"https:\/\/schema.org","@graph":[{"@type":"WebSite","@id":"https:\/\/troykaoto.com.tr\/#website","url":"https:\/\/troykaoto.com.tr\/","name":"Troyka Oto","description":"Her Marka 2. El-S\u0131f\u0131r Ara\u00e7lar","potentialAction":[{"@type":"SearchAction","target":{"@type":"EntryPoint","urlTemplate":"https:\/\/troykaoto.com.tr\/?s={search_term_string}"},"query-input":"required name=search_term_string"}],"inLanguage":"tr"},{"@type":"ImageObject","@id":"https:\/\/troykaoto.com.tr\/index.php\/product\/troykadan-2025-opel-combo-1-5-d-ultimate-otomatik-k-k-12-taksit\/#primaryimage","inLanguage":"tr","url":"https:\/\/troykaoto.com.tr\/wp-content\/uploads\/2026\/04\/d1d40731-6571-4b4f-a8f0-06f2c136d14b.jpg","contentUrl":"https:\/\/troykaoto.com.tr\/wp-content\/uploads\/2026\/04\/d1d40731-6571-4b4f-a8f0-06f2c136d14b.jpg","width":2048,"height":1536},{"@type":"WebPage","@id":"https:\/\/troykaoto.com.tr\/index.php\/product\/troykadan-2025-opel-combo-1-5-d-ultimate-otomatik-k-k-12-taksit\/#webpage","url":"https:\/\/troykaoto.com.tr\/index.php\/product\/troykadan-2025-opel-combo-1-5-d-ultimate-otomatik-k-k-12-taksit\/","name":"TROYKA'DAN 2025 OPEL COMBO 1.5 D ULTIMATE OTOMAT\u0130K K.K 12 TAKS\u0130T - Troyka Oto","isPartOf":{"@id":"https:\/\/troykaoto.com.tr\/#website"},"primaryImageOfPage":{"@id":"https:\/\/troykaoto.com.tr\/index.php\/product\/troykadan-2025-opel-combo-1-5-d-ultimate-otomatik-k-k-12-taksit\/#primaryimage"},"datePublished":"2026-04-17T09:34:45+00:00","dateModified":"2026-04-17T10:20:35+00:00","breadcrumb":{"@id":"https:\/\/troykaoto.com.tr\/index.php\/product\/troykadan-2025-opel-combo-1-5-d-ultimate-otomatik-k-k-12-taksit\/#breadcrumb"},"inLanguage":"tr","potentialAction":[{"@type":"ReadAction","target":["https:\/\/troykaoto.com.tr\/index.php\/product\/troykadan-2025-opel-combo-1-5-d-ultimate-otomatik-k-k-12-taksit\/"]}]},{"@type":"BreadcrumbList","@id":"https:\/\/troykaoto.com.tr\/index.php\/product\/troykadan-2025-opel-combo-1-5-d-ultimate-otomatik-k-k-12-taksit\/#breadcrumb","itemListElement":[{"@type":"ListItem","position":1,"name":"Ana sayfa","item":"https:\/\/troykaoto.com.tr\/"},{"@type":"ListItem","position":2,"name":"Ma\u011faza","item":"https:\/\/troykaoto.com.tr\/index.php\/magaza\/"},{"@type":"ListItem","position":3,"name":"TROYKA&#8217;DAN 2025 OPEL COMBO 1.5 D ULTIMATE OTOMAT\u0130K K.K 12 TAKS\u0130T"}]}]}},"_links":{"self":[{"href":"https:\/\/troykaoto.com.tr\/index.php\/wp-json\/wp\/v2\/product\/14012"}],"collection":[{"href":"https:\/\/troykaoto.com.tr\/index.php\/wp-json\/wp\/v2\/product"}],"about":[{"href":"https:\/\/troykaoto.com.tr\/index.php\/wp-json\/wp\/v2\/types\/product"}],"wp:featuredmedia":[{"embeddable":true,"href":"https:\/\/troykaoto.com.tr\/index.php\/wp-json\/wp\/v2\/media\/14030"}],"wp:attachment":[{"href":"https:\/\/troykaoto.com.tr\/index.php\/wp-json\/wp\/v2\/media?parent=14012"}],"wp:term":[{"taxonomy":"product_cat","embeddable":true,"href":"https:\/\/troykaoto.com.tr\/index.php\/wp-json\/wp\/v2\/product_cat?post=14012"},{"taxonomy":"product_tag","embeddable":true,"href":"https:\/\/troykaoto.com.tr\/index.php\/wp-json\/wp\/v2\/product_tag?post=14012"}],"curies":[{"name":"wp","href":"https:\/\/api.w.org\/{rel}","templated":true}]}}