{"id":14052,"date":"2026-04-17T13:29:56","date_gmt":"2026-04-17T10:29:56","guid":{"rendered":"https:\/\/troykaoto.com.tr\/?post_type=product&#038;p=14052"},"modified":"2026-04-17T13:34:59","modified_gmt":"2026-04-17T10:34:59","slug":"troykadan-2024-megane-1-3-tce-joy-comfort-otomatik","status":"publish","type":"product","link":"https:\/\/troykaoto.com.tr\/index.php\/product\/troykadan-2024-megane-1-3-tce-joy-comfort-otomatik\/","title":{"rendered":"TROYKA&#8217;DAN 2024 MEGANE 1.3 TCE JOY COMFORT OTOMAT\u0130K"},"content":{"rendered":"<p style=\"text-align: center;\"><img src=\"https:\/\/i.hizliresim.com\/gbzL9L.jpg\" \/><\/p>\n<div>\n<div style=\"text-align: center;\">\n<div>\n<div>\n<div>\n<div>\n<div>\n<div>\n<div>\n<div>\n<div>\n<div>\n<div>\n<div>\n<div>\n<div>\n<div>\n<div>\n<div>\n<div>\n<div>\n<p><span style=\"color: #ff0000; font-family: arial black, sans-serif; font-size: x-large;\">2024 MEGANE 1.3 TCE JOY COMFORT OTOMAT\u0130K<\/span><\/p>\n<p><b>__________________________________________<\/b><\/p>\n<p><u><b>&#8216; EKSPERT\u0130Z B\u0130LG\u0130S\u0130 &#8216;<\/b><\/u><\/p>\n<p><b>DE\u011e\u0130\u015eEN: YOK<\/b><\/p>\n<p><b>BOYA: YOK<\/b><\/p>\n<p><b>TRAMER: YOK<\/b><\/p>\n<p><b>___________________________________________<\/b><\/p>\n<p><b><u>&#8216; DONANIM \u00d6ZELL\u0130KLER\u0130 &#8216;<\/u><\/b><\/p>\n<p><span style=\"font-family: trebuchet ms, sans-serif;\"><span style=\"font-family: arial black, sans-serif; font-size: large;\"><b>CRUISE CONTROL<\/b><\/span><\/span><\/p>\n<p><span style=\"font-family: trebuchet ms, sans-serif;\"><span style=\"font-family: arial black, sans-serif; font-size: large;\"><b>S\u0130S FARLARI<\/b><\/span><\/span><\/p>\n<p><span style=\"font-family: trebuchet ms, sans-serif;\"><span style=\"font-family: arial black, sans-serif; font-size: large;\"><b>YA\u011eMUR SENS\u00d6R\u00dc<\/b><\/span><\/span><\/p>\n<p><span style=\"font-family: trebuchet ms, sans-serif;\"><span style=\"font-family: arial black, sans-serif; font-size: large;\"><b>S\u0130S SENS\u00d6R\u00dc<\/b><\/span><\/span><\/p>\n<p><span style=\"font-family: trebuchet ms, sans-serif;\"><span style=\"font-family: arial black, sans-serif; font-size: large;\"><b>BLUETOOTH<\/b><\/span><\/span><\/p>\n<p><span style=\"font-family: trebuchet ms, sans-serif;\"><span style=\"font-family: arial black, sans-serif; font-size: large;\"><b>FONKS\u0130YONEL DER\u0130 D\u0130REKS\u0130YON<\/b><\/span><\/span><\/p>\n<p><span style=\"font-family: trebuchet ms, sans-serif;\"><span style=\"font-family: arial black, sans-serif; font-size: large;\"><b>AUTO HOLD<\/b><\/span><\/span><\/p>\n<p><span style=\"font-family: trebuchet ms, sans-serif;\"><span style=\"font-family: arial black, sans-serif; font-size: large;\"><b>ELEKTRON\u0130K PARK FREN\u0130<\/b><\/span><\/span><\/p>\n<p><span style=\"font-family: trebuchet ms, sans-serif;\"><span style=\"font-family: arial black, sans-serif; font-size: large;\"><b>\u00c7\u0130FT B\u00d6LGE D\u0130J\u0130TAL KL\u0130MA<\/b><\/span><\/span><\/p>\n<p><span style=\"font-family: trebuchet ms, sans-serif;\"><span style=\"font-family: arial black, sans-serif; font-size: large;\"><b>ELEKTR\u0130KL\u0130 AYNALAR<\/b><\/span><\/span><\/p>\n<p><span style=\"font-family: trebuchet ms, sans-serif;\"><span style=\"font-family: arial black, sans-serif; font-size: large;\"><b>ELEKTR\u0130KL\u0130 4 CAM<\/b><\/span><\/span><\/p>\n<p><span style=\"font-family: trebuchet ms, sans-serif;\"><span style=\"font-family: arial black, sans-serif; font-size: large;\"><b>YOL B\u0130LG\u0130SAYARI<\/b><\/span><\/span><\/p>\n<p><span style=\"font-family: trebuchet ms, sans-serif;\"><span style=\"font-family: arial black, sans-serif; font-size: large;\"><b>H\u0130LL HOLDER<\/b><\/span><\/span><\/p>\n<p><span style=\"font-family: trebuchet ms, sans-serif;\"><span style=\"font-family: arial black, sans-serif; font-size: large;\"><b>KOL DAYAMA<\/b><\/span><\/span><\/p>\n<div>\n<div><span style=\"font-family: arial black, sans-serif; font-size: x-large;\"><b><u>&#8212;&#8212;&#8212;&#8212;&#8212;&#8212;&#8212;&#8212;&#8212;&#8212;&#8212;&#8212;&#8212;&#8212;&#8212;&#8212;&#8212;&#8211;<\/u><\/b><\/span><\/div>\n<\/div>\n<\/div>\n<\/div>\n<\/div>\n<\/div>\n<\/div>\n<\/div>\n<\/div>\n<\/div>\n<\/div>\n<\/div>\n<\/div>\n<\/div>\n<div>\n<div>\n<div>\n<div><b><span style=\"font-family: garamond, serif;\">__________________________________________<\/span><\/b><\/div>\n<div><b><span style=\"font-family: garamond, serif;\">SATI\u015eLARIMIZDA KRED\u0130 KARTI GE\u00c7ERL\u0130D\u0130R<\/span><\/b><\/div>\n<div><b><span style=\"font-family: garamond, serif;\">MOTORLU KARA TA\u015eITI T\u0130CARET\u0130 YETK\u0130 BELGE NO:\u00a00600408<\/span><\/b><\/div>\n<div><b><span style=\"font-family: garamond, serif;\">YEDEK ANAHTARI VE K\u0130TAP\u00c7IKLARI MEVCUTTUR<\/span><\/b><\/div>\n<div><b>___________________________________________<\/b><\/div>\n<div><b><span style=\"color: #ff0000; font-family: garamond, serif;\">CEV\u0130ZL\u0130DERE MAH.KONYA YOLU YILDIRIM KULE<\/span><\/b><\/div>\n<div><b><span style=\"color: #ff0000; font-family: garamond, serif;\">NO: 221\/134<\/span><\/b><\/div>\n<div><span style=\"font-family: garamond, serif; font-size: medium;\"><b><span style=\"color: #ff0000;\">\u00c7ANKAYA \/ ANKARA<\/span><\/b><\/span><\/div>\n<\/div>\n<\/div>\n<\/div>\n<p><span style=\"font-family: Helvetica Neue, Helvetica, Arial, sans-serif; font-size: medium;\">\u00a0<\/span><\/p>\n<\/div>\n<\/div>\n<\/div>\n<\/div>\n<\/div>\n<\/div>\n<\/div>\n<\/div>\n<\/div>\n","protected":false},"excerpt":{"rendered":"<p>2024 MEGANE 1.3 TCE JOY COMFORT OTOMAT\u0130K __________________________________________ &#8216; EKSPERT\u0130Z B\u0130LG\u0130S\u0130 &#8216; DE\u011e\u0130\u015eEN: YOK BOYA: YOK TRAMER: YOK ___________________________________________ &#8216; DONANIM \u00d6ZELL\u0130KLER\u0130 &#8216; CRUISE CONTROL S\u0130S FARLARI YA\u011eMUR SENS\u00d6R\u00dc S\u0130S SENS\u00d6R\u00dc BLUETOOTH FONKS\u0130YONEL DER\u0130 D\u0130REKS\u0130YON AUTO HOLD ELEKTRON\u0130K PARK FREN\u0130 \u00c7\u0130FT B\u00d6LGE D\u0130J\u0130TAL KL\u0130MA ELEKTR\u0130KL\u0130 AYNALAR ELEKTR\u0130KL\u0130 4 CAM YOL B\u0130LG\u0130SAYARI H\u0130LL HOLDER KOL DAYAMA [&hellip;]<\/p>\n","protected":false},"featured_media":14061,"template":"","meta":[],"product_cat":[15],"product_tag":[],"yoast_head":"<!-- This site is optimized with the Yoast SEO plugin v18.5.1 - https:\/\/yoast.com\/wordpress\/plugins\/seo\/ -->\n<title>TROYKA&#039;DAN 2024 MEGANE 1.3 TCE JOY COMFORT OTOMAT\u0130K - Troyka Oto<\/title>\n<meta name=\"robots\" content=\"index, follow, max-snippet:-1, max-image-preview:large, max-video-preview:-1\" \/>\n<link rel=\"canonical\" href=\"https:\/\/troykaoto.com.tr\/index.php\/product\/troykadan-2024-megane-1-3-tce-joy-comfort-otomatik\/\" \/>\n<meta property=\"og:locale\" content=\"tr_TR\" \/>\n<meta property=\"og:type\" content=\"article\" \/>\n<meta property=\"og:title\" content=\"TROYKA&#039;DAN 2024 MEGANE 1.3 TCE JOY COMFORT OTOMAT\u0130K - Troyka Oto\" \/>\n<meta property=\"og:description\" content=\"2024 MEGANE 1.3 TCE JOY COMFORT OTOMAT\u0130K __________________________________________ &#8216; EKSPERT\u0130Z B\u0130LG\u0130S\u0130 &#8216; DE\u011e\u0130\u015eEN: YOK BOYA: YOK TRAMER: YOK ___________________________________________ &#8216; DONANIM \u00d6ZELL\u0130KLER\u0130 &#8216; CRUISE CONTROL S\u0130S FARLARI YA\u011eMUR SENS\u00d6R\u00dc S\u0130S SENS\u00d6R\u00dc BLUETOOTH FONKS\u0130YONEL DER\u0130 D\u0130REKS\u0130YON AUTO HOLD ELEKTRON\u0130K PARK FREN\u0130 \u00c7\u0130FT B\u00d6LGE D\u0130J\u0130TAL KL\u0130MA ELEKTR\u0130KL\u0130 AYNALAR ELEKTR\u0130KL\u0130 4 CAM YOL B\u0130LG\u0130SAYARI H\u0130LL HOLDER KOL DAYAMA [&hellip;]\" \/>\n<meta property=\"og:url\" content=\"https:\/\/troykaoto.com.tr\/index.php\/product\/troykadan-2024-megane-1-3-tce-joy-comfort-otomatik\/\" \/>\n<meta property=\"og:site_name\" content=\"Troyka Oto\" \/>\n<meta property=\"article:modified_time\" content=\"2026-04-17T10:34:59+00:00\" \/>\n<meta property=\"og:image\" content=\"http:\/\/troykaoto.com.tr\/wp-content\/uploads\/2026\/04\/55a7a07a-dd4c-433b-a393-b1997a0d02cc.jpg\" \/>\n\t<meta property=\"og:image:width\" content=\"2048\" \/>\n\t<meta property=\"og:image:height\" content=\"1536\" \/>\n\t<meta property=\"og:image:type\" content=\"image\/jpeg\" \/>\n<meta name=\"twitter:card\" content=\"summary_large_image\" \/>\n<meta name=\"twitter:label1\" content=\"Tahmini okuma s\u00fcresi\" \/>\n\t<meta name=\"twitter:data1\" content=\"1 dakika\" \/>\n<script type=\"application\/ld+json\" class=\"yoast-schema-graph\">{\"@context\":\"https:\/\/schema.org\",\"@graph\":[{\"@type\":\"WebSite\",\"@id\":\"https:\/\/troykaoto.com.tr\/#website\",\"url\":\"https:\/\/troykaoto.com.tr\/\",\"name\":\"Troyka Oto\",\"description\":\"Her Marka 2. El-S\u0131f\u0131r Ara\u00e7lar\",\"potentialAction\":[{\"@type\":\"SearchAction\",\"target\":{\"@type\":\"EntryPoint\",\"urlTemplate\":\"https:\/\/troykaoto.com.tr\/?s={search_term_string}\"},\"query-input\":\"required name=search_term_string\"}],\"inLanguage\":\"tr\"},{\"@type\":\"ImageObject\",\"@id\":\"https:\/\/troykaoto.com.tr\/index.php\/product\/troykadan-2024-megane-1-3-tce-joy-comfort-otomatik\/#primaryimage\",\"inLanguage\":\"tr\",\"url\":\"https:\/\/troykaoto.com.tr\/wp-content\/uploads\/2026\/04\/55a7a07a-dd4c-433b-a393-b1997a0d02cc.jpg\",\"contentUrl\":\"https:\/\/troykaoto.com.tr\/wp-content\/uploads\/2026\/04\/55a7a07a-dd4c-433b-a393-b1997a0d02cc.jpg\",\"width\":2048,\"height\":1536},{\"@type\":\"WebPage\",\"@id\":\"https:\/\/troykaoto.com.tr\/index.php\/product\/troykadan-2024-megane-1-3-tce-joy-comfort-otomatik\/#webpage\",\"url\":\"https:\/\/troykaoto.com.tr\/index.php\/product\/troykadan-2024-megane-1-3-tce-joy-comfort-otomatik\/\",\"name\":\"TROYKA'DAN 2024 MEGANE 1.3 TCE JOY COMFORT OTOMAT\u0130K - Troyka Oto\",\"isPartOf\":{\"@id\":\"https:\/\/troykaoto.com.tr\/#website\"},\"primaryImageOfPage\":{\"@id\":\"https:\/\/troykaoto.com.tr\/index.php\/product\/troykadan-2024-megane-1-3-tce-joy-comfort-otomatik\/#primaryimage\"},\"datePublished\":\"2026-04-17T10:29:56+00:00\",\"dateModified\":\"2026-04-17T10:34:59+00:00\",\"breadcrumb\":{\"@id\":\"https:\/\/troykaoto.com.tr\/index.php\/product\/troykadan-2024-megane-1-3-tce-joy-comfort-otomatik\/#breadcrumb\"},\"inLanguage\":\"tr\",\"potentialAction\":[{\"@type\":\"ReadAction\",\"target\":[\"https:\/\/troykaoto.com.tr\/index.php\/product\/troykadan-2024-megane-1-3-tce-joy-comfort-otomatik\/\"]}]},{\"@type\":\"BreadcrumbList\",\"@id\":\"https:\/\/troykaoto.com.tr\/index.php\/product\/troykadan-2024-megane-1-3-tce-joy-comfort-otomatik\/#breadcrumb\",\"itemListElement\":[{\"@type\":\"ListItem\",\"position\":1,\"name\":\"Ana sayfa\",\"item\":\"https:\/\/troykaoto.com.tr\/\"},{\"@type\":\"ListItem\",\"position\":2,\"name\":\"Ma\u011faza\",\"item\":\"https:\/\/troykaoto.com.tr\/index.php\/magaza\/\"},{\"@type\":\"ListItem\",\"position\":3,\"name\":\"TROYKA&#8217;DAN 2024 MEGANE 1.3 TCE JOY COMFORT OTOMAT\u0130K\"}]}]}<\/script>\n<!-- \/ Yoast SEO plugin. -->","yoast_head_json":{"title":"TROYKA'DAN 2024 MEGANE 1.3 TCE JOY COMFORT OTOMAT\u0130K - Troyka Oto","robots":{"index":"index","follow":"follow","max-snippet":"max-snippet:-1","max-image-preview":"max-image-preview:large","max-video-preview":"max-video-preview:-1"},"canonical":"https:\/\/troykaoto.com.tr\/index.php\/product\/troykadan-2024-megane-1-3-tce-joy-comfort-otomatik\/","og_locale":"tr_TR","og_type":"article","og_title":"TROYKA'DAN 2024 MEGANE 1.3 TCE JOY COMFORT OTOMAT\u0130K - Troyka Oto","og_description":"2024 MEGANE 1.3 TCE JOY COMFORT OTOMAT\u0130K __________________________________________ &#8216; EKSPERT\u0130Z B\u0130LG\u0130S\u0130 &#8216; DE\u011e\u0130\u015eEN: YOK BOYA: YOK TRAMER: YOK ___________________________________________ &#8216; DONANIM \u00d6ZELL\u0130KLER\u0130 &#8216; CRUISE CONTROL S\u0130S FARLARI YA\u011eMUR SENS\u00d6R\u00dc S\u0130S SENS\u00d6R\u00dc BLUETOOTH FONKS\u0130YONEL DER\u0130 D\u0130REKS\u0130YON AUTO HOLD ELEKTRON\u0130K PARK FREN\u0130 \u00c7\u0130FT B\u00d6LGE D\u0130J\u0130TAL KL\u0130MA ELEKTR\u0130KL\u0130 AYNALAR ELEKTR\u0130KL\u0130 4 CAM YOL B\u0130LG\u0130SAYARI H\u0130LL HOLDER KOL DAYAMA [&hellip;]","og_url":"https:\/\/troykaoto.com.tr\/index.php\/product\/troykadan-2024-megane-1-3-tce-joy-comfort-otomatik\/","og_site_name":"Troyka Oto","article_modified_time":"2026-04-17T10:34:59+00:00","og_image":[{"width":2048,"height":1536,"url":"http:\/\/troykaoto.com.tr\/wp-content\/uploads\/2026\/04\/55a7a07a-dd4c-433b-a393-b1997a0d02cc.jpg","type":"image\/jpeg"}],"twitter_card":"summary_large_image","twitter_misc":{"Tahmini okuma s\u00fcresi":"1 dakika"},"schema":{"@context":"https:\/\/schema.org","@graph":[{"@type":"WebSite","@id":"https:\/\/troykaoto.com.tr\/#website","url":"https:\/\/troykaoto.com.tr\/","name":"Troyka Oto","description":"Her Marka 2. El-S\u0131f\u0131r Ara\u00e7lar","potentialAction":[{"@type":"SearchAction","target":{"@type":"EntryPoint","urlTemplate":"https:\/\/troykaoto.com.tr\/?s={search_term_string}"},"query-input":"required name=search_term_string"}],"inLanguage":"tr"},{"@type":"ImageObject","@id":"https:\/\/troykaoto.com.tr\/index.php\/product\/troykadan-2024-megane-1-3-tce-joy-comfort-otomatik\/#primaryimage","inLanguage":"tr","url":"https:\/\/troykaoto.com.tr\/wp-content\/uploads\/2026\/04\/55a7a07a-dd4c-433b-a393-b1997a0d02cc.jpg","contentUrl":"https:\/\/troykaoto.com.tr\/wp-content\/uploads\/2026\/04\/55a7a07a-dd4c-433b-a393-b1997a0d02cc.jpg","width":2048,"height":1536},{"@type":"WebPage","@id":"https:\/\/troykaoto.com.tr\/index.php\/product\/troykadan-2024-megane-1-3-tce-joy-comfort-otomatik\/#webpage","url":"https:\/\/troykaoto.com.tr\/index.php\/product\/troykadan-2024-megane-1-3-tce-joy-comfort-otomatik\/","name":"TROYKA'DAN 2024 MEGANE 1.3 TCE JOY COMFORT OTOMAT\u0130K - Troyka Oto","isPartOf":{"@id":"https:\/\/troykaoto.com.tr\/#website"},"primaryImageOfPage":{"@id":"https:\/\/troykaoto.com.tr\/index.php\/product\/troykadan-2024-megane-1-3-tce-joy-comfort-otomatik\/#primaryimage"},"datePublished":"2026-04-17T10:29:56+00:00","dateModified":"2026-04-17T10:34:59+00:00","breadcrumb":{"@id":"https:\/\/troykaoto.com.tr\/index.php\/product\/troykadan-2024-megane-1-3-tce-joy-comfort-otomatik\/#breadcrumb"},"inLanguage":"tr","potentialAction":[{"@type":"ReadAction","target":["https:\/\/troykaoto.com.tr\/index.php\/product\/troykadan-2024-megane-1-3-tce-joy-comfort-otomatik\/"]}]},{"@type":"BreadcrumbList","@id":"https:\/\/troykaoto.com.tr\/index.php\/product\/troykadan-2024-megane-1-3-tce-joy-comfort-otomatik\/#breadcrumb","itemListElement":[{"@type":"ListItem","position":1,"name":"Ana sayfa","item":"https:\/\/troykaoto.com.tr\/"},{"@type":"ListItem","position":2,"name":"Ma\u011faza","item":"https:\/\/troykaoto.com.tr\/index.php\/magaza\/"},{"@type":"ListItem","position":3,"name":"TROYKA&#8217;DAN 2024 MEGANE 1.3 TCE JOY COMFORT OTOMAT\u0130K"}]}]}},"_links":{"self":[{"href":"https:\/\/troykaoto.com.tr\/index.php\/wp-json\/wp\/v2\/product\/14052"}],"collection":[{"href":"https:\/\/troykaoto.com.tr\/index.php\/wp-json\/wp\/v2\/product"}],"about":[{"href":"https:\/\/troykaoto.com.tr\/index.php\/wp-json\/wp\/v2\/types\/product"}],"wp:featuredmedia":[{"embeddable":true,"href":"https:\/\/troykaoto.com.tr\/index.php\/wp-json\/wp\/v2\/media\/14061"}],"wp:attachment":[{"href":"https:\/\/troykaoto.com.tr\/index.php\/wp-json\/wp\/v2\/media?parent=14052"}],"wp:term":[{"taxonomy":"product_cat","embeddable":true,"href":"https:\/\/troykaoto.com.tr\/index.php\/wp-json\/wp\/v2\/product_cat?post=14052"},{"taxonomy":"product_tag","embeddable":true,"href":"https:\/\/troykaoto.com.tr\/index.php\/wp-json\/wp\/v2\/product_tag?post=14052"}],"curies":[{"name":"wp","href":"https:\/\/api.w.org\/{rel}","templated":true}]}}